{"id":323853,"date":"2024-12-01T17:41:53","date_gmt":"2024-12-01T20:41:53","guid":{"rendered":"https:\/\/www.livrariarema.com.br\/loja\/produtos\/sem categoria\/40-devocionais-desenhando-a-biblia-com-os-meus-filhos-animais-flavia-norte\/"},"modified":"2025-10-06T17:11:51","modified_gmt":"2025-10-06T20:11:51","slug":"40-devocionais-desenhando-a-biblia-com-os-meus-filhos-animais-flavia-norte","status":"publish","type":"product","link":"https:\/\/www.livrariarema.com.br\/loja\/produtos\/livros\/infantil\/40-devocionais-desenhando-a-biblia-com-os-meus-filhos-animais-flavia-norte\/","title":{"rendered":"40 Devocionais &#8211; Desenhando A B\u00edblia Com Os Meus Filhos &#8211; Animais &#8211; Fl\u00e1via Norte"},"content":{"rendered":"<p>Qual crian\u00e7a n\u00e3o \u00e9 apaixonada por desenhar? <\/p>\n<p>Em &#8220;40 Devocionais &#8211; Desenhando a B\u00edblia com os meus Filhos &#8211; Animais&#8221; d\u00e1 sequ\u00eancia \u00e0 s\u00e9rie de devocionais feitos para pais e filhos. Agora, na vers\u00e3o ANIMAIS, a autora prop\u00f5e mensagens e desenhos que fazem alus\u00e3o ao tema e v\u00e3o encantar crian\u00e7as e adultos. Um convite criativo e l\u00fadico ao momento devocional em fam\u00edlia.<\/p>\n","protected":false},"excerpt":{"rendered":"<p>Qual crian\u00e7a n\u00e3o \u00e9 apaixonada por desenhar? Em &#8220;40 Devocionais &#8211; Desenhando a B\u00edblia com os meus Filhos &#8211; Animais&#8221;&hellip;<\/p>\n","protected":false},"featured_media":323852,"comment_status":"open","ping_status":"closed","template":"","meta":[],"product_cat":[144,134],"product_tag":[],"_links":{"self":[{"href":"https:\/\/www.livrariarema.com.br\/loja\/wp-json\/wp\/v2\/product\/323853"}],"collection":[{"href":"https:\/\/www.livrariarema.com.br\/loja\/wp-json\/wp\/v2\/product"}],"about":[{"href":"https:\/\/www.livrariarema.com.br\/loja\/wp-json\/wp\/v2\/types\/product"}],"replies":[{"embeddable":true,"href":"https:\/\/www.livrariarema.com.br\/loja\/wp-json\/wp\/v2\/comments?post=323853"}],"wp:featuredmedia":[{"embeddable":true,"href":"https:\/\/www.livrariarema.com.br\/loja\/wp-json\/wp\/v2\/media\/323852"}],"wp:attachment":[{"href":"https:\/\/www.livrariarema.com.br\/loja\/wp-json\/wp\/v2\/media?parent=323853"}],"wp:term":[{"taxonomy":"product_cat","embeddable":true,"href":"https:\/\/www.livrariarema.com.br\/loja\/wp-json\/wp\/v2\/product_cat?post=323853"},{"taxonomy":"product_tag","embeddable":true,"href":"https:\/\/www.livrariarema.com.br\/loja\/wp-json\/wp\/v2\/product_tag?post=323853"}],"curies":[{"name":"wp","href":"https:\/\/api.w.org\/{rel}","templated":true}]}}