{"id":323911,"date":"2024-12-01T18:17:55","date_gmt":"2024-12-01T21:17:55","guid":{"rendered":"https:\/\/www.livrariarema.com.br\/loja\/produtos\/sem categoria\/manga-paulo-de-tarso-para-a-redencao-matthew-salisbury-e-gabrielle-gniewek\/"},"modified":"2026-02-27T17:01:00","modified_gmt":"2026-02-27T20:01:00","slug":"manga-paulo-de-tarso-para-a-redencao-matthew-salisbury-e-gabrielle-gniewek","status":"publish","type":"product","link":"https:\/\/www.livrariarema.com.br\/loja\/produtos\/livros\/manga-hq\/manga-paulo-de-tarso-para-a-redencao-matthew-salisbury-e-gabrielle-gniewek\/","title":{"rendered":"Mang\u00e1 &#8211; Paulo &#8211; De Tarso Para A Reden\u00e7\u00e3o &#8211; Matthew Salisbury E Gabrielle Gniewek"},"content":{"rendered":"<p>Um Homem de Tarso, um perseguidor que aprendeu a amar, um mission\u00e1rio que espalhou a verdade, seu nome \u00e9 Paulo. Um primoroso mang\u00e1 que relata a vida do ap\u00f3stolo e a sua saga como um l\u00edder da igreja primitiva.<\/p>\n","protected":false},"excerpt":{"rendered":"<p>Um Homem de Tarso, um perseguidor que aprendeu a amar, um mission\u00e1rio que espalhou a verdade, seu nome \u00e9 Paulo.&hellip;<\/p>\n","protected":false},"featured_media":323910,"comment_status":"open","ping_status":"closed","template":"","meta":[],"product_cat":[134,189],"product_tag":[],"_links":{"self":[{"href":"https:\/\/www.livrariarema.com.br\/loja\/wp-json\/wp\/v2\/product\/323911"}],"collection":[{"href":"https:\/\/www.livrariarema.com.br\/loja\/wp-json\/wp\/v2\/product"}],"about":[{"href":"https:\/\/www.livrariarema.com.br\/loja\/wp-json\/wp\/v2\/types\/product"}],"replies":[{"embeddable":true,"href":"https:\/\/www.livrariarema.com.br\/loja\/wp-json\/wp\/v2\/comments?post=323911"}],"wp:featuredmedia":[{"embeddable":true,"href":"https:\/\/www.livrariarema.com.br\/loja\/wp-json\/wp\/v2\/media\/323910"}],"wp:attachment":[{"href":"https:\/\/www.livrariarema.com.br\/loja\/wp-json\/wp\/v2\/media?parent=323911"}],"wp:term":[{"taxonomy":"product_cat","embeddable":true,"href":"https:\/\/www.livrariarema.com.br\/loja\/wp-json\/wp\/v2\/product_cat?post=323911"},{"taxonomy":"product_tag","embeddable":true,"href":"https:\/\/www.livrariarema.com.br\/loja\/wp-json\/wp\/v2\/product_tag?post=323911"}],"curies":[{"name":"wp","href":"https:\/\/api.w.org\/{rel}","templated":true}]}}