{"id":324168,"date":"2024-12-03T07:54:50","date_gmt":"2024-12-03T10:54:50","guid":{"rendered":"https:\/\/www.livrariarema.com.br\/loja\/produtos\/sem categoria\/sete-igrejas-do-apocalipse-as-colin-j-hemer\/"},"modified":"2026-02-20T13:36:24","modified_gmt":"2026-02-20T16:36:24","slug":"sete-igrejas-do-apocalipse-as-colin-j-hemer","status":"publish","type":"product","link":"https:\/\/www.livrariarema.com.br\/loja\/produtos\/livros\/estudo-biblico\/sete-igrejas-do-apocalipse-as-colin-j-hemer\/","title":{"rendered":"Sete Igrejas Do Apocalipse, As &#8211; Colin J. Hemer"},"content":{"rendered":"<p>Este cl\u00e1ssico de Colin Hemer explora as sete cartas do Apocalipse no cen\u00e1rio hist\u00f3rico das igrejas \u00e0s quais foram endere\u00e7adas. Este estudo magn\u00edfico, baseado em fontes liter\u00e1rias, epigr\u00e1ficas e arqueol\u00f3gicas, norteado pelo conhecimento pessoal de Hemer dos locais b\u00edblicos, apresenta uma imagem clara do mundo do Novo Testamento na segunda metade do primeiro s\u00e9culo e sua relev\u00e2ncia para quest\u00f5es mais amplas da hist\u00f3ria da igreja.<\/p>\n","protected":false},"excerpt":{"rendered":"<p>Este cl\u00e1ssico de Colin Hemer explora as sete cartas do Apocalipse no cen\u00e1rio hist\u00f3rico das igrejas \u00e0s quais foram endere\u00e7adas.&hellip;<\/p>\n","protected":false},"featured_media":345089,"comment_status":"open","ping_status":"closed","template":"","meta":[],"product_cat":[161,134],"product_tag":[],"_links":{"self":[{"href":"https:\/\/www.livrariarema.com.br\/loja\/wp-json\/wp\/v2\/product\/324168"}],"collection":[{"href":"https:\/\/www.livrariarema.com.br\/loja\/wp-json\/wp\/v2\/product"}],"about":[{"href":"https:\/\/www.livrariarema.com.br\/loja\/wp-json\/wp\/v2\/types\/product"}],"replies":[{"embeddable":true,"href":"https:\/\/www.livrariarema.com.br\/loja\/wp-json\/wp\/v2\/comments?post=324168"}],"wp:featuredmedia":[{"embeddable":true,"href":"https:\/\/www.livrariarema.com.br\/loja\/wp-json\/wp\/v2\/media\/345089"}],"wp:attachment":[{"href":"https:\/\/www.livrariarema.com.br\/loja\/wp-json\/wp\/v2\/media?parent=324168"}],"wp:term":[{"taxonomy":"product_cat","embeddable":true,"href":"https:\/\/www.livrariarema.com.br\/loja\/wp-json\/wp\/v2\/product_cat?post=324168"},{"taxonomy":"product_tag","embeddable":true,"href":"https:\/\/www.livrariarema.com.br\/loja\/wp-json\/wp\/v2\/product_tag?post=324168"}],"curies":[{"name":"wp","href":"https:\/\/api.w.org\/{rel}","templated":true}]}}