{"id":324170,"date":"2024-12-03T07:56:56","date_gmt":"2024-12-03T10:56:56","guid":{"rendered":"https:\/\/www.livrariarema.com.br\/loja\/produtos\/sem categoria\/lideranca-pastoral-a-timothy-z-witmer\/"},"modified":"2026-02-20T13:19:44","modified_gmt":"2026-02-20T16:19:44","slug":"lideranca-pastoral-a-timothy-z-witmer","status":"publish","type":"product","link":"https:\/\/www.livrariarema.com.br\/loja\/produtos\/livros\/lideranca\/lideranca-pastoral-a-timothy-z-witmer\/","title":{"rendered":"Lideran\u00e7a Pastoral, A &#8211; Timothy Z. Witmer"},"content":{"rendered":"<p>UMA EXPOSI\u00c7\u00c3O INTELIGENTE, B\u00cdBLICA, EQUILIBRADA, PASTORAL, F\u00c1CIL E INTERESSANTE DE SER LIDA.<\/p>\n<p>&#8211; SINCLAIR FERGUSON, PREF\u00c1CIO.<\/p>\n<p>Os l\u00edderes da igreja s\u00e3o chamados a pastorear e n\u00e3o apenas a serem membros de um conselho administrativo. Esse chamado exige um envolvimento profundo e pessoal no minist\u00e9rio pastoral entre o povo. Em A lideran\u00e7a pastoral, Witmer esclarece os quatro principais minist\u00e9rios dos pastores: conhecer, alimentar, liderar e proteger &#8211; tanto no n\u00edvel macro (abrangendo toda a igreja) quanto no n\u00edvel micro (pessoal). <\/p>\n<p>No cora\u00e7\u00e3o do livro, est\u00e3o os sete elementos essenciais de um minist\u00e9rio pastoral eficiente. Os elementos s\u00e3o apresentados como um conjunto interdependente, que deve ser implementado integralmente para que o plano pastoral seja eficaz. Al\u00e9m de discutir a import\u00e2ncia de cada um desses elementos, os cap\u00edtulos finais exploram as implica\u00e7\u00f5es do compromisso de pastorear o rebanho e sugerem meios pr\u00e1ticos para a implementa\u00e7\u00e3o do minist\u00e9rio pastoral. Com este livro, o autor espera ajudar os l\u00edderes da igreja a aplicarem os princ\u00edpios pastorais em seus contextos ministeriais, promovendo um pastoreio mais b\u00edblico e significativo.<\/p>\n","protected":false},"excerpt":{"rendered":"<p>UMA EXPOSI\u00c7\u00c3O INTELIGENTE, B\u00cdBLICA, EQUILIBRADA, PASTORAL, F\u00c1CIL E INTERESSANTE DE SER LIDA. &#8211; SINCLAIR FERGUSON, PREF\u00c1CIO. Os l\u00edderes da igreja&hellip;<\/p>\n","protected":false},"featured_media":345020,"comment_status":"open","ping_status":"closed","template":"","meta":[],"product_cat":[153,134],"product_tag":[],"_links":{"self":[{"href":"https:\/\/www.livrariarema.com.br\/loja\/wp-json\/wp\/v2\/product\/324170"}],"collection":[{"href":"https:\/\/www.livrariarema.com.br\/loja\/wp-json\/wp\/v2\/product"}],"about":[{"href":"https:\/\/www.livrariarema.com.br\/loja\/wp-json\/wp\/v2\/types\/product"}],"replies":[{"embeddable":true,"href":"https:\/\/www.livrariarema.com.br\/loja\/wp-json\/wp\/v2\/comments?post=324170"}],"wp:featuredmedia":[{"embeddable":true,"href":"https:\/\/www.livrariarema.com.br\/loja\/wp-json\/wp\/v2\/media\/345020"}],"wp:attachment":[{"href":"https:\/\/www.livrariarema.com.br\/loja\/wp-json\/wp\/v2\/media?parent=324170"}],"wp:term":[{"taxonomy":"product_cat","embeddable":true,"href":"https:\/\/www.livrariarema.com.br\/loja\/wp-json\/wp\/v2\/product_cat?post=324170"},{"taxonomy":"product_tag","embeddable":true,"href":"https:\/\/www.livrariarema.com.br\/loja\/wp-json\/wp\/v2\/product_tag?post=324170"}],"curies":[{"name":"wp","href":"https:\/\/api.w.org\/{rel}","templated":true}]}}