{"id":324172,"date":"2024-12-03T08:58:31","date_gmt":"2024-12-03T11:58:31","guid":{"rendered":"https:\/\/www.livrariarema.com.br\/loja\/produtos\/sem%20categoria\/jesus-o-purificador-craig-l-blomberg\/"},"modified":"2026-02-20T13:14:07","modified_gmt":"2026-02-20T16:14:07","slug":"jesus-o-purificador-craig-l-blomberg","status":"publish","type":"product","link":"https:\/\/www.livrariarema.com.br\/loja\/produtos\/livros\/estudo-biblico\/jesus-o-purificador-craig-l-blomberg\/","title":{"rendered":"Jesus, O Purificador &#8211; Craig L. Blomberg"},"content":{"rendered":"<p>A terceira busca pelo Jesus hist\u00f3rico chegou a um impasse. No entanto, uma quarta busca est\u00e1 em andamento &#8211; baseada em uma fonte at\u00e9 ent\u00e3o largamente negligenciada: o Evangelho de Jo\u00e3o.<\/p>\n<p>Nesta obra, o renomado estudioso do Novo Testamento Craig Blomberg avan\u00e7a na tese de que o Evangelho de Jo\u00e3o \u00e9 uma fonte promissora e valiosa para o estudo do Jesus hist\u00f3rico. Os dados encontrados nesse Evangelho devem ser integrados aos dos Sin\u00f3ticos, o que produzir\u00e1 percep\u00e7\u00f5es adicionais sobre as \u00eanfases e o minist\u00e9rio de Jesus.<\/p>\n<p>Blomberg come\u00e7a recapitulando as tr\u00eas primeiras buscas pelo Jesus hist\u00f3rico, avaliando suas contribui\u00e7\u00f5es e fraquezas. Em seguida, discute o consenso emergente sobre as por\u00e7\u00f5es historicamente demonstr\u00e1veis do Evangelho de Jo\u00e3o, que s\u00e3o mais numerosas do que geralmente se admite. Ao desvendar essas camadas, encontramos no minist\u00e9rio de Jesus uma \u00eanfase na pureza e purifica\u00e7\u00e3o, corroborada pelos Evangelhos Sin\u00f3ticos. Blomberg explora as aplica\u00e7\u00f5es pr\u00e1ticas e contempor\u00e2neas de Jesus como purificador, incluindo a &#8220;santidade contagiante&#8221; que os seguidores de Jesus podem transmitir a outros.<\/p>\n","protected":false},"excerpt":{"rendered":"<p>A terceira busca pelo Jesus hist\u00f3rico chegou a um impasse. No entanto, uma quarta busca est\u00e1 em andamento &#8211; baseada&hellip;<\/p>\n","protected":false},"featured_media":345014,"comment_status":"open","ping_status":"closed","template":"","meta":[],"product_cat":[161,134],"product_tag":[],"_links":{"self":[{"href":"https:\/\/www.livrariarema.com.br\/loja\/wp-json\/wp\/v2\/product\/324172"}],"collection":[{"href":"https:\/\/www.livrariarema.com.br\/loja\/wp-json\/wp\/v2\/product"}],"about":[{"href":"https:\/\/www.livrariarema.com.br\/loja\/wp-json\/wp\/v2\/types\/product"}],"replies":[{"embeddable":true,"href":"https:\/\/www.livrariarema.com.br\/loja\/wp-json\/wp\/v2\/comments?post=324172"}],"wp:featuredmedia":[{"embeddable":true,"href":"https:\/\/www.livrariarema.com.br\/loja\/wp-json\/wp\/v2\/media\/345014"}],"wp:attachment":[{"href":"https:\/\/www.livrariarema.com.br\/loja\/wp-json\/wp\/v2\/media?parent=324172"}],"wp:term":[{"taxonomy":"product_cat","embeddable":true,"href":"https:\/\/www.livrariarema.com.br\/loja\/wp-json\/wp\/v2\/product_cat?post=324172"},{"taxonomy":"product_tag","embeddable":true,"href":"https:\/\/www.livrariarema.com.br\/loja\/wp-json\/wp\/v2\/product_tag?post=324172"}],"curies":[{"name":"wp","href":"https:\/\/api.w.org\/{rel}","templated":true}]}}