{"id":324176,"date":"2024-12-03T09:04:28","date_gmt":"2024-12-03T12:04:28","guid":{"rendered":"https:\/\/www.livrariarema.com.br\/loja\/produtos\/sem%20categoria\/biblia-de-estudo-esperanca-couro-simulado\/"},"modified":"2026-02-28T13:00:46","modified_gmt":"2026-02-28T16:00:46","slug":"biblia-de-estudo-esperanca-couro-simulado","status":"publish","type":"product","link":"https:\/\/www.livrariarema.com.br\/loja\/produtos\/biblias\/estudo\/biblia-de-estudo-esperanca-couro-simulado\/","title":{"rendered":"B\u00edblia De Estudo Esperan\u00e7a &#8211; Luiz Say\u00e3o &#8211; Couro Simulado"},"content":{"rendered":"<p>S\u00e3o 365 perguntas e respostas divididas em 20 temas distintos:<\/p>\n<p>Deus e a Cria\u00e7\u00e3o, B\u00edblia, Cristo, Pecado, Sabedoria, Salva\u00e7\u00e3o, Vida Eterna, Nova Vida, Igreja, Misticismo, Mundo Espiritual, Religi\u00e3o, Momentos Dif\u00edceis, Fraquezas, Sexualidade, Quest\u00f5es Dif\u00edceis, Fam\u00edlia, Finan\u00e7as, Mundo Atual, Datas e Textos Especiais.  <\/p>\n<p>Uma B\u00edblia de estudo que pode ser usada de v\u00e1rias maneiras:<\/p>\n<p>Como B\u00edblia de estudo di\u00e1rio pessoal, tendo uma pergunta para cada dia do ano;<br \/>\nComo B\u00edblia de estudo tem\u00e1tico, quando o leitor escolhe um tema e aprofunda-se nele;<br \/>\nComo B\u00edblia de estudo em grupos. As reflex\u00f5es e observa\u00e7\u00f5es finais t\u00eam esse prop\u00f3sito;<br \/>\nComo B\u00edblia de estudo para n\u00e3o crentes e novos convertidos, a maioria de suas perguntas s\u00e3o voltadas para essas pessoas e suas d\u00favidas.<\/p>\n","protected":false},"excerpt":{"rendered":"<p>S\u00e3o 365 perguntas e respostas divididas em 20 temas distintos: Deus e a Cria\u00e7\u00e3o, B\u00edblia, Cristo, Pecado, Sabedoria, Salva\u00e7\u00e3o, Vida&hellip;<\/p>\n","protected":false},"featured_media":344894,"comment_status":"open","ping_status":"closed","template":"","meta":[],"product_cat":[139,140],"product_tag":[],"_links":{"self":[{"href":"https:\/\/www.livrariarema.com.br\/loja\/wp-json\/wp\/v2\/product\/324176"}],"collection":[{"href":"https:\/\/www.livrariarema.com.br\/loja\/wp-json\/wp\/v2\/product"}],"about":[{"href":"https:\/\/www.livrariarema.com.br\/loja\/wp-json\/wp\/v2\/types\/product"}],"replies":[{"embeddable":true,"href":"https:\/\/www.livrariarema.com.br\/loja\/wp-json\/wp\/v2\/comments?post=324176"}],"wp:featuredmedia":[{"embeddable":true,"href":"https:\/\/www.livrariarema.com.br\/loja\/wp-json\/wp\/v2\/media\/344894"}],"wp:attachment":[{"href":"https:\/\/www.livrariarema.com.br\/loja\/wp-json\/wp\/v2\/media?parent=324176"}],"wp:term":[{"taxonomy":"product_cat","embeddable":true,"href":"https:\/\/www.livrariarema.com.br\/loja\/wp-json\/wp\/v2\/product_cat?post=324176"},{"taxonomy":"product_tag","embeddable":true,"href":"https:\/\/www.livrariarema.com.br\/loja\/wp-json\/wp\/v2\/product_tag?post=324176"}],"curies":[{"name":"wp","href":"https:\/\/api.w.org\/{rel}","templated":true}]}}