{"id":324190,"date":"2024-12-03T09:21:15","date_gmt":"2024-12-03T12:21:15","guid":{"rendered":"https:\/\/www.livrariarema.com.br\/loja\/produtos\/sem categoria\/cronicas-de-narnia-volume-unico-ilustrado-c-s-lewis\/"},"modified":"2026-04-30T11:30:42","modified_gmt":"2026-04-30T14:30:42","slug":"cronicas-de-narnia-volume-unico-ilustrado-c-s-lewis","status":"publish","type":"product","link":"https:\/\/www.livrariarema.com.br\/loja\/produtos\/livros\/ficcao\/cronicas-de-narnia-volume-unico-ilustrado-c-s-lewis\/","title":{"rendered":"Cr\u00f4nicas De N\u00e1rnia &#8211; Volume \u00danico Ilustrado &#8211; C. S. Lewis"},"content":{"rendered":"<p>Guarda-roupas m\u00e1gicos, an\u00e9is que levam para outros mundos, cavalos falantes e, o mais impressionante, um le\u00e3o muito poderoso! As Cr\u00f4nicas de N\u00e1rnia s\u00e3o a aclamada s\u00e9rie de livros, escritos por C. S. Lewis, que narram as aventuras de crian\u00e7as corajosas no nosso mundo e em outros universos m\u00e1gicos e desconhecidos.<br \/>\nAgora voc\u00ea pode ler todas as aventuras do m\u00e1gico mundo de N\u00e1rnia em um \u00fanico volume! Esta edi\u00e7\u00e3o inclui os sete livros da s\u00e9rie, ilustra\u00e7\u00f5es colorizadas de Pauline Baynes, interior colorido e um fitilho para acompanhar a leitura.<\/p>\n","protected":false},"excerpt":{"rendered":"<p>Guarda-roupas m\u00e1gicos, an\u00e9is que levam para outros mundos, cavalos falantes e, o mais impressionante, um le\u00e3o muito poderoso! As Cr\u00f4nicas&hellip;<\/p>\n","protected":false},"featured_media":347820,"comment_status":"open","ping_status":"closed","template":"","meta":[],"product_cat":[162,134],"product_tag":[],"_links":{"self":[{"href":"https:\/\/www.livrariarema.com.br\/loja\/wp-json\/wp\/v2\/product\/324190"}],"collection":[{"href":"https:\/\/www.livrariarema.com.br\/loja\/wp-json\/wp\/v2\/product"}],"about":[{"href":"https:\/\/www.livrariarema.com.br\/loja\/wp-json\/wp\/v2\/types\/product"}],"replies":[{"embeddable":true,"href":"https:\/\/www.livrariarema.com.br\/loja\/wp-json\/wp\/v2\/comments?post=324190"}],"wp:featuredmedia":[{"embeddable":true,"href":"https:\/\/www.livrariarema.com.br\/loja\/wp-json\/wp\/v2\/media\/347820"}],"wp:attachment":[{"href":"https:\/\/www.livrariarema.com.br\/loja\/wp-json\/wp\/v2\/media?parent=324190"}],"wp:term":[{"taxonomy":"product_cat","embeddable":true,"href":"https:\/\/www.livrariarema.com.br\/loja\/wp-json\/wp\/v2\/product_cat?post=324190"},{"taxonomy":"product_tag","embeddable":true,"href":"https:\/\/www.livrariarema.com.br\/loja\/wp-json\/wp\/v2\/product_tag?post=324190"}],"curies":[{"name":"wp","href":"https:\/\/api.w.org\/{rel}","templated":true}]}}