{"id":324195,"date":"2024-12-03T10:04:24","date_gmt":"2024-12-03T13:04:24","guid":{"rendered":"https:\/\/www.livrariarema.com.br\/loja\/produtos\/sem categoria\/menino-peregrino-o-andre-lima\/"},"modified":"2026-03-20T11:42:33","modified_gmt":"2026-03-20T14:42:33","slug":"menino-peregrino-o-andre-lima","status":"publish","type":"product","link":"https:\/\/www.livrariarema.com.br\/loja\/produtos\/livros\/infantil\/menino-peregrino-o-andre-lima\/","title":{"rendered":"Menino Peregrino, O &#8211; Andr\u00e9 Lima"},"content":{"rendered":"<p>Embarque nesta jornada po\u00e9tica com Tom, o menino peregrino, a caminho do lar celestial. Por meio de versos rimados e ilustra\u00e7\u00f5es deslumbrantes, o autor Andr\u00e9 Lima nos presenteia com esta cole\u00e7\u00e3o de poemas que conduz as crian\u00e7as por um caminho b\u00edblico de f\u00e9. Perfeito para ler em fam\u00edlia ou em voz alta, adultos e crian\u00e7as contemplar\u00e3o a alegria de seguir ao Senhor Jesus Cristo, a beleza da cria\u00e7\u00e3o de Deus e a import\u00e2ncia de amar o pr\u00f3ximo. O menino peregrino \u00e9 um convite para que cada crian\u00e7a entenda de cora\u00e7\u00e3o a sua pr\u00f3pria jornada crist\u00e3, com os olhos fixos no c\u00e9u e na companhia de muitos irm\u00e3os e irm\u00e3s em Cristo.<\/p>\n","protected":false},"excerpt":{"rendered":"<p>Embarque nesta jornada po\u00e9tica com Tom, o menino peregrino, a caminho do lar celestial. Por meio de versos rimados e&hellip;<\/p>\n","protected":false},"featured_media":344070,"comment_status":"open","ping_status":"closed","template":"","meta":[],"product_cat":[144,134],"product_tag":[],"_links":{"self":[{"href":"https:\/\/www.livrariarema.com.br\/loja\/wp-json\/wp\/v2\/product\/324195"}],"collection":[{"href":"https:\/\/www.livrariarema.com.br\/loja\/wp-json\/wp\/v2\/product"}],"about":[{"href":"https:\/\/www.livrariarema.com.br\/loja\/wp-json\/wp\/v2\/types\/product"}],"replies":[{"embeddable":true,"href":"https:\/\/www.livrariarema.com.br\/loja\/wp-json\/wp\/v2\/comments?post=324195"}],"wp:featuredmedia":[{"embeddable":true,"href":"https:\/\/www.livrariarema.com.br\/loja\/wp-json\/wp\/v2\/media\/344070"}],"wp:attachment":[{"href":"https:\/\/www.livrariarema.com.br\/loja\/wp-json\/wp\/v2\/media?parent=324195"}],"wp:term":[{"taxonomy":"product_cat","embeddable":true,"href":"https:\/\/www.livrariarema.com.br\/loja\/wp-json\/wp\/v2\/product_cat?post=324195"},{"taxonomy":"product_tag","embeddable":true,"href":"https:\/\/www.livrariarema.com.br\/loja\/wp-json\/wp\/v2\/product_tag?post=324195"}],"curies":[{"name":"wp","href":"https:\/\/api.w.org\/{rel}","templated":true}]}}