{"id":324197,"date":"2024-12-03T10:05:55","date_gmt":"2024-12-03T13:05:55","guid":{"rendered":"https:\/\/www.livrariarema.com.br\/loja\/produtos\/sem categoria\/lutero-uma-biografia-ilustrada-stephen-mccaskell-e-aaron-armstrong\/"},"modified":"2026-03-20T11:43:53","modified_gmt":"2026-03-20T14:43:53","slug":"lutero-uma-biografia-ilustrada-stephen-mccaskell-e-aaron-armstrong","status":"publish","type":"product","link":"https:\/\/www.livrariarema.com.br\/loja\/produtos\/livros\/biografia\/lutero-uma-biografia-ilustrada-stephen-mccaskell-e-aaron-armstrong\/","title":{"rendered":"Lutero &#8211; Uma Biografia Ilustrada &#8211; Stephen Mccaskell E Aaron Armstrong"},"content":{"rendered":"<p>Com ilustra\u00e7\u00f5es de encantar os olhos e com uma hist\u00f3ria de cativar cora\u00e7\u00f5es, este livro traz Martinho Lutero \u00e0 vida.<br \/>\nMaravilhe-se com a grandiosa jornada do reformador alem\u00e3o!<\/p>\n<p>Martinho Lutero \u00e9 conhecido como uma das principais for\u00e7as por tr\u00e1s da Reforma Protestante, uma figura vital na hist\u00f3ria do cristianismo e do mundo. Mas quem foi este homem, que, mesmo com toda a sua import\u00e2ncia, estava sujeito \u00e0s mesmas fraquezas a que todos n\u00f3s estamos sujeitos? E como Deus usou este grande servo para remodelar e reformar a Igreja de Cristo?<\/p>\n<p>Com ilustra\u00e7\u00f5es de deslumbrar os olhos e uma narrativa de cativar a aten\u00e7\u00e3o de crian\u00e7as, jovens e adultos, este livro biogr\u00e1fico \u00e9 perfeito para ser lido (e relido muitas vezes) em fam\u00edlia, entre amigos ou em voz alta. <\/p>\n<p>Tive muitas coisas em minhas m\u00e3os e perdi todas elas; por\u00e9m, o que quer que eu tenha colocado nas m\u00e3os de Deus, isto permanece comigo.<br \/>\n&#8211; Martinho Lutero<\/p>\n","protected":false},"excerpt":{"rendered":"<p>Com ilustra\u00e7\u00f5es de encantar os olhos e com uma hist\u00f3ria de cativar cora\u00e7\u00f5es, este livro traz Martinho Lutero \u00e0 vida.&hellip;<\/p>\n","protected":false},"featured_media":324196,"comment_status":"open","ping_status":"closed","template":"","meta":[],"product_cat":[181,134],"product_tag":[],"_links":{"self":[{"href":"https:\/\/www.livrariarema.com.br\/loja\/wp-json\/wp\/v2\/product\/324197"}],"collection":[{"href":"https:\/\/www.livrariarema.com.br\/loja\/wp-json\/wp\/v2\/product"}],"about":[{"href":"https:\/\/www.livrariarema.com.br\/loja\/wp-json\/wp\/v2\/types\/product"}],"replies":[{"embeddable":true,"href":"https:\/\/www.livrariarema.com.br\/loja\/wp-json\/wp\/v2\/comments?post=324197"}],"wp:featuredmedia":[{"embeddable":true,"href":"https:\/\/www.livrariarema.com.br\/loja\/wp-json\/wp\/v2\/media\/324196"}],"wp:attachment":[{"href":"https:\/\/www.livrariarema.com.br\/loja\/wp-json\/wp\/v2\/media?parent=324197"}],"wp:term":[{"taxonomy":"product_cat","embeddable":true,"href":"https:\/\/www.livrariarema.com.br\/loja\/wp-json\/wp\/v2\/product_cat?post=324197"},{"taxonomy":"product_tag","embeddable":true,"href":"https:\/\/www.livrariarema.com.br\/loja\/wp-json\/wp\/v2\/product_tag?post=324197"}],"curies":[{"name":"wp","href":"https:\/\/api.w.org\/{rel}","templated":true}]}}