{"id":324199,"date":"2024-12-03T10:06:56","date_gmt":"2024-12-03T13:06:56","guid":{"rendered":"https:\/\/www.livrariarema.com.br\/loja\/produtos\/sem categoria\/saga-wingfeather-a-livro-4-o-guardiao-e-o-rei-lobo-andrew-peterson\/"},"modified":"2026-02-04T14:40:09","modified_gmt":"2026-02-04T17:40:09","slug":"saga-wingfeather-a-livro-4-o-guardiao-e-o-rei-lobo-andrew-peterson","status":"publish","type":"product","link":"https:\/\/www.livrariarema.com.br\/loja\/produtos\/livros\/juvenil\/saga-wingfeather-a-livro-4-o-guardiao-e-o-rei-lobo-andrew-peterson\/","title":{"rendered":"Saga Wingfeather, A: Livro 4 &#8211; O Guardi\u00e3o E O Rei Lobo &#8211; Andrew Peterson"},"content":{"rendered":"<p>UMA JORNADA \u00c9PICA RUMO \u00c0 BATALHA FINAL PELA ILHA BRILHANTE!<br \/>\nO inverno chegou ao fim, mas a luta pela liberdade de Vales Verdes apenas come\u00e7ou.<br \/>\nJanner, Kalmar e Leeli o Guardi\u00e3o do Trono, o Rei Lobo e a Donzela da Can\u00e7\u00e3o de Anniera treinaram incansavelmente para enfrentar Gnag, o Sem-Nome, e seus terr\u00edveis Fangs de Dang.<\/p>\n<p>Por\u00e9m, quando os Fangs atacam Ban Rona, a fam\u00edlia \u00e9 cruelmente separada.<br \/>\nJanner vaga perdido pelos vales sombrios; Leeli combate bravamente na cidade sitiada; e Kalmar carrega um segredo sombrio rumo \u00e0s profundezas de Throg, onde drag\u00f5es-marinhos espreitam em \u00e1guas turbulentas.<\/p>\n<p>Enquanto isso, em Skree, Sara e Maraly cuidam do estilha\u00e7ado Artham Wingfeather, o \u00faltimo obst\u00e1culo para os Fangs dominarem o Grande Rio Blapp.<\/p>\n<p>N\u00e3o perca a conclus\u00e3o arrebatadora da aclamada Saga Wingfeather!<br \/>\nUma aventura repleta de sacrif\u00edcios heroicos, coragem incompar\u00e1vel e o constante deslumbramento do desconhecido.<br \/>\nMarginais perversos, corre-cristas, trolls e incont\u00e1veis outros perigos separam as crian\u00e7as Igiby de sua \u00fanica esperan\u00e7a de vit\u00f3ria.<\/p>\n<p>Prepare-se para uma terr\u00edvel jornada rumo \u00e0 batalha definitiva pela Ilha Brilhante!<\/p>\n","protected":false},"excerpt":{"rendered":"<p>UMA JORNADA \u00c9PICA RUMO \u00c0 BATALHA FINAL PELA ILHA BRILHANTE! O inverno chegou ao fim, mas a luta pela liberdade&hellip;<\/p>\n","protected":false},"featured_media":344071,"comment_status":"open","ping_status":"closed","template":"","meta":[],"product_cat":[184,134],"product_tag":[],"_links":{"self":[{"href":"https:\/\/www.livrariarema.com.br\/loja\/wp-json\/wp\/v2\/product\/324199"}],"collection":[{"href":"https:\/\/www.livrariarema.com.br\/loja\/wp-json\/wp\/v2\/product"}],"about":[{"href":"https:\/\/www.livrariarema.com.br\/loja\/wp-json\/wp\/v2\/types\/product"}],"replies":[{"embeddable":true,"href":"https:\/\/www.livrariarema.com.br\/loja\/wp-json\/wp\/v2\/comments?post=324199"}],"wp:featuredmedia":[{"embeddable":true,"href":"https:\/\/www.livrariarema.com.br\/loja\/wp-json\/wp\/v2\/media\/344071"}],"wp:attachment":[{"href":"https:\/\/www.livrariarema.com.br\/loja\/wp-json\/wp\/v2\/media?parent=324199"}],"wp:term":[{"taxonomy":"product_cat","embeddable":true,"href":"https:\/\/www.livrariarema.com.br\/loja\/wp-json\/wp\/v2\/product_cat?post=324199"},{"taxonomy":"product_tag","embeddable":true,"href":"https:\/\/www.livrariarema.com.br\/loja\/wp-json\/wp\/v2\/product_tag?post=324199"}],"curies":[{"name":"wp","href":"https:\/\/api.w.org\/{rel}","templated":true}]}}