{"id":324221,"date":"2024-12-03T11:23:49","date_gmt":"2024-12-03T14:23:49","guid":{"rendered":"https:\/\/www.livrariarema.com.br\/loja\/produtos\/sem categoria\/os-inklings-o-grupo-literario-de-c-s-lewis-e-j-r-r-tolkien-igor-gaspar-e-gabriele-greggersen\/"},"modified":"2025-04-19T12:20:14","modified_gmt":"2025-04-19T15:20:14","slug":"os-inklings-o-grupo-literario-de-c-s-lewis-e-j-r-r-tolkien-igor-gaspar-e-gabriele-greggersen","status":"publish","type":"product","link":"https:\/\/www.livrariarema.com.br\/loja\/produtos\/livros\/biografia\/os-inklings-o-grupo-literario-de-c-s-lewis-e-j-r-r-tolkien-igor-gaspar-e-gabriele-greggersen\/","title":{"rendered":"Os Inklings: O Grupo Liter\u00e1rio De C.S. Lewis E J.R.R. Tolkien &#8211; Igor Gaspar E Gabriele Greggersen"},"content":{"rendered":"<p>Descubra como um pequeno grupo de amigos, voltando as costas para o mundo, transformou o pensamento de todo o Ocidente com sua literatura e produ\u00e7\u00e3o teol\u00f3gica.<\/p>\n<p>Era em Oxford, cidade universit\u00e1ria no interior da Inglaterra, que esse pequeno grupo de amigos se encontrava semanalmente para, assim como hobbits numa toca, fazer aquilo que adorava: reunir-se ao redor de uma mesa para comer, beber, conversar sobre literatura, mitologia e teologia, al\u00e9m de, \u00e9 claro, dar boas gargalhadas.<\/p>\n<p>Neste livro, Gaspar e Greggersen apresentam a hist\u00f3ria do grupo liter\u00e1rio mais famoso do s\u00e9culo XX: `Os Inklings`, formado por amigos de Lewis como Tolkien, Williams e outros, e por meio do qual algumas das obras mais importantes da literatura &#8211; como O Senhor dos An\u00e9is e As Cr\u00f4nicas de N\u00e1rnia tiveram sua g\u00eanese e, \u00e0 medida que eram escritas, foram lidas pela primeira vez.<\/p>\n","protected":false},"excerpt":{"rendered":"<p>Descubra como um pequeno grupo de amigos, voltando as costas para o mundo, transformou o pensamento de todo o Ocidente&hellip;<\/p>\n","protected":false},"featured_media":328085,"comment_status":"open","ping_status":"closed","template":"","meta":[],"product_cat":[181,134],"product_tag":[],"_links":{"self":[{"href":"https:\/\/www.livrariarema.com.br\/loja\/wp-json\/wp\/v2\/product\/324221"}],"collection":[{"href":"https:\/\/www.livrariarema.com.br\/loja\/wp-json\/wp\/v2\/product"}],"about":[{"href":"https:\/\/www.livrariarema.com.br\/loja\/wp-json\/wp\/v2\/types\/product"}],"replies":[{"embeddable":true,"href":"https:\/\/www.livrariarema.com.br\/loja\/wp-json\/wp\/v2\/comments?post=324221"}],"wp:featuredmedia":[{"embeddable":true,"href":"https:\/\/www.livrariarema.com.br\/loja\/wp-json\/wp\/v2\/media\/328085"}],"wp:attachment":[{"href":"https:\/\/www.livrariarema.com.br\/loja\/wp-json\/wp\/v2\/media?parent=324221"}],"wp:term":[{"taxonomy":"product_cat","embeddable":true,"href":"https:\/\/www.livrariarema.com.br\/loja\/wp-json\/wp\/v2\/product_cat?post=324221"},{"taxonomy":"product_tag","embeddable":true,"href":"https:\/\/www.livrariarema.com.br\/loja\/wp-json\/wp\/v2\/product_tag?post=324221"}],"curies":[{"name":"wp","href":"https:\/\/api.w.org\/{rel}","templated":true}]}}