{"id":324224,"date":"2024-12-03T11:25:07","date_gmt":"2024-12-03T14:25:07","guid":{"rendered":"https:\/\/www.livrariarema.com.br\/loja\/produtos\/sem categoria\/no-coracao-de-romanos-n-t-wright\/"},"modified":"2026-02-24T12:29:06","modified_gmt":"2026-02-24T15:29:06","slug":"no-coracao-de-romanos-n-t-wright","status":"publish","type":"product","link":"https:\/\/www.livrariarema.com.br\/loja\/produtos\/livros\/teologia\/no-coracao-de-romanos-n-t-wright\/","title":{"rendered":"No Cora\u00e7\u00e3o De Romanos &#8211; N. T. Wright"},"content":{"rendered":"<p>Hoje em dia, N. T. Wright \u00e9 amplamente considerado o int\u00e9rprete de Paulo mais empolgante e influente. Nesse novo olhar que lan\u00e7a sobre Romanos, ele faz um mergulho profundo na mais importante carta do ap\u00f3stolo, convidan\u00addo o leitor a explorar os tesouros inestim\u00e1veis que est\u00e3o abaixo da superf\u00edcie. Debru\u00e7ando-se de modo especial no cap\u00edtulo 8 de Romanos, o autor nos leva a uma jornada reveladora, e explica com clareza as muitas maneiras em que Paulo lan\u00e7a luz sobre tantos outros assuntos que Deus revela nas Escrituras, a saber, as tem\u00e1ticas de Deus Pai, da cristologia e do esp\u00edrito; do messianato de Jesus, de sua cruz, ressurrei\u00e7\u00e3o e ascens\u00e3o; da salva\u00e7\u00e3o, reden\u00e7\u00e3o e ado\u00e7\u00e3o; do sofrimento e gl\u00f3ria; da santidade e esperan\u00e7a.<\/p>\n<p>No cora\u00e7\u00e3o de Romanos far\u00e1 com que nos familiarizemos com a mais impor\u00adtante carta de Paulo de maneira mais enraizada, aprofundando nossa com\u00adpreens\u00e3o e aprecia\u00e7\u00e3o do pr\u00f3prio evangelho.<\/p>\n","protected":false},"excerpt":{"rendered":"<p>Hoje em dia, N. T. Wright \u00e9 amplamente considerado o int\u00e9rprete de Paulo mais empolgante e influente. Nesse novo olhar&hellip;<\/p>\n","protected":false},"featured_media":345341,"comment_status":"open","ping_status":"closed","template":"","meta":[],"product_cat":[134,136],"product_tag":[],"_links":{"self":[{"href":"https:\/\/www.livrariarema.com.br\/loja\/wp-json\/wp\/v2\/product\/324224"}],"collection":[{"href":"https:\/\/www.livrariarema.com.br\/loja\/wp-json\/wp\/v2\/product"}],"about":[{"href":"https:\/\/www.livrariarema.com.br\/loja\/wp-json\/wp\/v2\/types\/product"}],"replies":[{"embeddable":true,"href":"https:\/\/www.livrariarema.com.br\/loja\/wp-json\/wp\/v2\/comments?post=324224"}],"wp:featuredmedia":[{"embeddable":true,"href":"https:\/\/www.livrariarema.com.br\/loja\/wp-json\/wp\/v2\/media\/345341"}],"wp:attachment":[{"href":"https:\/\/www.livrariarema.com.br\/loja\/wp-json\/wp\/v2\/media?parent=324224"}],"wp:term":[{"taxonomy":"product_cat","embeddable":true,"href":"https:\/\/www.livrariarema.com.br\/loja\/wp-json\/wp\/v2\/product_cat?post=324224"},{"taxonomy":"product_tag","embeddable":true,"href":"https:\/\/www.livrariarema.com.br\/loja\/wp-json\/wp\/v2\/product_tag?post=324224"}],"curies":[{"name":"wp","href":"https:\/\/api.w.org\/{rel}","templated":true}]}}