{"id":324228,"date":"2024-12-03T11:27:36","date_gmt":"2024-12-03T14:27:36","guid":{"rendered":"https:\/\/www.livrariarema.com.br\/loja\/produtos\/sem%20categoria\/saga-wingfeather-a-livro-3-norte-ou-seja-devorado-andrew-peterson\/"},"modified":"2026-02-04T14:40:47","modified_gmt":"2026-02-04T17:40:47","slug":"saga-wingfeather-a-livro-3-norte-ou-seja-devorado-andrew-peterson","status":"publish","type":"product","link":"https:\/\/www.livrariarema.com.br\/loja\/produtos\/livros\/juvenil\/saga-wingfeather-a-livro-3-norte-ou-seja-devorado-andrew-peterson\/","title":{"rendered":"Saga Wingfeather, A: Livro 2 &#8211; Norte! Ou Seja Devorado &#8211; Andrew Peterson"},"content":{"rendered":"<p>ESCAPADAS INCR\u00cdVEIS.<br \/>\nUMA JORNADA DESESPERADA. <br \/>\nE OS TERR\u00cdVEIS FANGS DE DANG.<\/p>\n<p>Janner, Tink e Leeli Igiby pensavam ser crian\u00e7as normais com vidas normais e um passado normal. Mas agora eles sabem que s\u00e3o as verdadeiras Joias Perdidas de Anniera, herdeiros de um reino lend\u00e1rio al\u00e9m do mar e que, repentinamente, todos parecem querer mat\u00e1-los.<\/p>\n<p>Para sobreviverem, os irm\u00e3os Igiby ter\u00e3o de fugir para a seguran\u00e7a das Pradarias de Gelo, onde os reptilianos Fangs de Dang n\u00e3o conseguem segui-los. Antes, no entanto, eles precisam escapar dos monstros da Floresta Glipwood, dos ardilosos Marginais da Curva Oriental e da tem\u00edvel F\u00e1brica de Garfos.<\/p>\n<p>Ainda mais perigosos, por\u00e9m, s\u00e3o os ci\u00fames e as amarguras que amea\u00e7am separ\u00e1-los. Janner e seus irm\u00e3os precisam aprender do jeito dif\u00edcil que o amor da fam\u00edlia \u00e9 mais importante que todo o resto.<\/p>\n<p>1. Todos com dentes muito afiados.<br \/>\n2. Canalhas sanguin\u00e1rios, todos eles.<br \/>\n3. Ai!<\/p>\n","protected":false},"excerpt":{"rendered":"<p>ESCAPADAS INCR\u00cdVEIS. UMA JORNADA DESESPERADA. E OS TERR\u00cdVEIS FANGS DE DANG. Janner, Tink e Leeli Igiby pensavam ser crian\u00e7as normais&hellip;<\/p>\n","protected":false},"featured_media":344078,"comment_status":"open","ping_status":"closed","template":"","meta":[],"product_cat":[184,134],"product_tag":[],"_links":{"self":[{"href":"https:\/\/www.livrariarema.com.br\/loja\/wp-json\/wp\/v2\/product\/324228"}],"collection":[{"href":"https:\/\/www.livrariarema.com.br\/loja\/wp-json\/wp\/v2\/product"}],"about":[{"href":"https:\/\/www.livrariarema.com.br\/loja\/wp-json\/wp\/v2\/types\/product"}],"replies":[{"embeddable":true,"href":"https:\/\/www.livrariarema.com.br\/loja\/wp-json\/wp\/v2\/comments?post=324228"}],"wp:featuredmedia":[{"embeddable":true,"href":"https:\/\/www.livrariarema.com.br\/loja\/wp-json\/wp\/v2\/media\/344078"}],"wp:attachment":[{"href":"https:\/\/www.livrariarema.com.br\/loja\/wp-json\/wp\/v2\/media?parent=324228"}],"wp:term":[{"taxonomy":"product_cat","embeddable":true,"href":"https:\/\/www.livrariarema.com.br\/loja\/wp-json\/wp\/v2\/product_cat?post=324228"},{"taxonomy":"product_tag","embeddable":true,"href":"https:\/\/www.livrariarema.com.br\/loja\/wp-json\/wp\/v2\/product_tag?post=324228"}],"curies":[{"name":"wp","href":"https:\/\/api.w.org\/{rel}","templated":true}]}}