{"id":324244,"date":"2024-12-03T11:38:49","date_gmt":"2024-12-03T14:38:49","guid":{"rendered":"https:\/\/www.livrariarema.com.br\/loja\/produtos\/sem categoria\/sete-mulheres-e-o-segredo-de-sua-grandeza-eric-metaxas\/"},"modified":"2026-01-07T10:10:45","modified_gmt":"2026-01-07T13:10:45","slug":"sete-mulheres-e-o-segredo-de-sua-grandeza-eric-metaxas","status":"publish","type":"product","link":"https:\/\/www.livrariarema.com.br\/loja\/produtos\/livros\/biografia\/sete-mulheres-e-o-segredo-de-sua-grandeza-eric-metaxas\/","title":{"rendered":"Sete Mulheres E O Segredo De Sua Grandeza &#8211; Eric Metaxas"},"content":{"rendered":"<p>Muitos livros sobre feminilidade cont\u00eam uma s\u00e9rie de vers\u00edculos e princ\u00edpios, salpicada de historinhas fofas e emocionantes, para a mulher exercer seu papel diante de Deus (e n\u00e3o ser feminista, \u00f3bvio). Mas este livro se destaca por mostrar na pr\u00e1tica como grandes mulheres agiram e fizeram a diferen\u00e7a, mesmo estando em condi\u00e7\u00f5es de vida bem diferentes de v\u00e1rios estere\u00f3tipos femininos. Joana D`Arc, por mais piedosa que fosse, era t\u00e3o corajosa no campo de batalha que era admirada pelos guerreiros mais brutos; Susanna Wesley tinha um marido irrespons\u00e1vel e temperamental (al\u00e9m de ser pastor) e sempre foi um exemplo de longanimidade e testemunho silencioso; Hannah More, que morreu solteira (depois de um noivado de 6 anos falido), usou seu talento com palavras para defender a moralidade crist\u00e3 e combater a escravid\u00e3o; Maria de Paris, que fora divorciada, m\u00e3e, comunista e freira (em est\u00e1gios diferentes da vida, \u00e9 claro), mostrou a f\u00e9 crist\u00e3 numa viv\u00eancia amorosa numa sociedade secularizada e acabou indo para o campo de concentra\u00e7\u00e3o por isso; Corrie ten Boom, al\u00e9m de perder boa parte de sua fam\u00edlia para os nazistas por ajudarem os judeus, aprendeu o valor de perdoar o imperdo\u00e1vel; Rosa Parks, uma senhorinha comum de igreja, mudou os EUA ao simplesmente se recusar a ceder um banco de \u00f4nibus para o racismo; e Madre Teresa que, apesar de todo seu trabalho louvado pela m\u00eddia com os pobres da \u00cdndia, nunca se recusou a falar as verdades de Cristo e tentar encontr\u00e1-lo at\u00e9 nos lugares mais tenebrosos.<\/p>\n","protected":false},"excerpt":{"rendered":"<p>Muitos livros sobre feminilidade cont\u00eam uma s\u00e9rie de vers\u00edculos e princ\u00edpios, salpicada de historinhas fofas e emocionantes, para a mulher&hellip;<\/p>\n","protected":false},"featured_media":324276,"comment_status":"open","ping_status":"closed","template":"","meta":[],"product_cat":[181,134],"product_tag":[],"_links":{"self":[{"href":"https:\/\/www.livrariarema.com.br\/loja\/wp-json\/wp\/v2\/product\/324244"}],"collection":[{"href":"https:\/\/www.livrariarema.com.br\/loja\/wp-json\/wp\/v2\/product"}],"about":[{"href":"https:\/\/www.livrariarema.com.br\/loja\/wp-json\/wp\/v2\/types\/product"}],"replies":[{"embeddable":true,"href":"https:\/\/www.livrariarema.com.br\/loja\/wp-json\/wp\/v2\/comments?post=324244"}],"wp:featuredmedia":[{"embeddable":true,"href":"https:\/\/www.livrariarema.com.br\/loja\/wp-json\/wp\/v2\/media\/324276"}],"wp:attachment":[{"href":"https:\/\/www.livrariarema.com.br\/loja\/wp-json\/wp\/v2\/media?parent=324244"}],"wp:term":[{"taxonomy":"product_cat","embeddable":true,"href":"https:\/\/www.livrariarema.com.br\/loja\/wp-json\/wp\/v2\/product_cat?post=324244"},{"taxonomy":"product_tag","embeddable":true,"href":"https:\/\/www.livrariarema.com.br\/loja\/wp-json\/wp\/v2\/product_tag?post=324244"}],"curies":[{"name":"wp","href":"https:\/\/api.w.org\/{rel}","templated":true}]}}