{"id":324247,"date":"2024-12-03T11:40:27","date_gmt":"2024-12-03T14:40:27","guid":{"rendered":"https:\/\/www.livrariarema.com.br\/loja\/produtos\/sem categoria\/sete-homens-e-o-segredo-de-sua-grandeza-eric-metaxas\/"},"modified":"2025-12-13T12:01:09","modified_gmt":"2025-12-13T15:01:09","slug":"sete-homens-e-o-segredo-de-sua-grandeza-eric-metaxas","status":"publish","type":"product","link":"https:\/\/www.livrariarema.com.br\/loja\/produtos\/livros\/biografia\/sete-homens-e-o-segredo-de-sua-grandeza-eric-metaxas\/","title":{"rendered":"Sete Homens E O Segredo De Sua Grandeza &#8211; Eric Metaxas"},"content":{"rendered":"<p>COMO SER UM GRANDE HOMEM? William Wilberforce abriu m\u00e3o de ser primeiro-ministro da Inglaterra, mas foi fundamental para abolir o tr\u00e1fico de escravos. George Washington recusou a chance de ser rei dos Estados Unidos, mas conquistou sua independ\u00eancia. Jackie Robinson deixou de revidar contra oponentes racistas e abriu a oportunidade de mais jogadores entrarem no beisebol, al\u00e9m de se tornar um dos maiores jogadores de todos os tempos. Bonhoeffer n\u00e3o quis manter seu conforto na igreja alem\u00e3 simp\u00e1tica ao regime nazista, mas deu um testemunho que, mesmo custando sua vida, ressoa at\u00e9 hoje. Como formar homens assim? Muitos livros sobre masculinidade cont\u00eam uma s\u00e9rie de vers\u00edculos e princ\u00edpios para o homem exercer seu papel diante de Deus. Alguns t\u00eam hist\u00f3rias e argumentos para ajudar. Mas este livro se destaca por mostrar na pr\u00e1tica como grandes homens se comportam: eles usam sua for\u00e7a para defender os mais fracos. Passando por curtas biografias de homens t\u00e3o diferentes quanto George Washington, William Wilberforce, Eric Lidell, Dietrich Bonhoeffer Jackie Robinson, Papa Jo\u00e3o Paulo II e Chuck Colson, Metaxas, com sua habilidade t\u00edpica de contador de hist\u00f3rias, conseguir\u00e1 te convencer &#8211; e cativar &#8211; a ser um grande homem.<\/p>\n","protected":false},"excerpt":{"rendered":"<p>COMO SER UM GRANDE HOMEM? William Wilberforce abriu m\u00e3o de ser primeiro-ministro da Inglaterra, mas foi fundamental para abolir o&hellip;<\/p>\n","protected":false},"featured_media":324608,"comment_status":"open","ping_status":"closed","template":"","meta":[],"product_cat":[181,134],"product_tag":[],"_links":{"self":[{"href":"https:\/\/www.livrariarema.com.br\/loja\/wp-json\/wp\/v2\/product\/324247"}],"collection":[{"href":"https:\/\/www.livrariarema.com.br\/loja\/wp-json\/wp\/v2\/product"}],"about":[{"href":"https:\/\/www.livrariarema.com.br\/loja\/wp-json\/wp\/v2\/types\/product"}],"replies":[{"embeddable":true,"href":"https:\/\/www.livrariarema.com.br\/loja\/wp-json\/wp\/v2\/comments?post=324247"}],"wp:featuredmedia":[{"embeddable":true,"href":"https:\/\/www.livrariarema.com.br\/loja\/wp-json\/wp\/v2\/media\/324608"}],"wp:attachment":[{"href":"https:\/\/www.livrariarema.com.br\/loja\/wp-json\/wp\/v2\/media?parent=324247"}],"wp:term":[{"taxonomy":"product_cat","embeddable":true,"href":"https:\/\/www.livrariarema.com.br\/loja\/wp-json\/wp\/v2\/product_cat?post=324247"},{"taxonomy":"product_tag","embeddable":true,"href":"https:\/\/www.livrariarema.com.br\/loja\/wp-json\/wp\/v2\/product_tag?post=324247"}],"curies":[{"name":"wp","href":"https:\/\/api.w.org\/{rel}","templated":true}]}}