{"id":324391,"date":"2024-12-03T14:35:20","date_gmt":"2024-12-03T17:35:20","guid":{"rendered":"https:\/\/www.livrariarema.com.br\/loja\/produtos\/sem categoria\/serie-mulheres-da-biblia-ester-nancy-demoss-wolgemuth\/"},"modified":"2026-04-22T17:10:25","modified_gmt":"2026-04-22T20:10:25","slug":"serie-mulheres-da-biblia-ester-nancy-demoss-wolgemuth","status":"publish","type":"product","link":"https:\/\/www.livrariarema.com.br\/loja\/produtos\/livros\/mulher\/serie-mulheres-da-biblia-ester-nancy-demoss-wolgemuth\/","title":{"rendered":"S\u00e9rie Mulheres Da B\u00edblia &#8211; Ester &#8211; Nancy Demoss Wolgemuth"},"content":{"rendered":"<p>VOC\u00ca PODE CONFIAR NO PLANO DE DEUS<\/p>\n<p>O livro de Ester do Antigo Testamento n\u00e3o faz nenhuma refer\u00eancia a Deus, mas a hist\u00f3ria toda traz a marca inconfund\u00edvel de seus caminhos. Deus fortalecer\u00e1 sua f\u00e9 enquanto observa como ele interv\u00e9m na liberta\u00e7\u00e3o de seu povo. O Senhor ainda orquestra com maestria cada detalhe da nossa vida e deste universo de maneira assombrosas. Nada nem ningu\u00e9m pode frustrar seu plano!<\/p>\n<p> Durante as seis pr\u00f3ximas semanas de estudo, que Deus aumente sua consci\u00eancia e confian\u00e7a em sua provid\u00eancia, expanda sua humildade conforme espera o tempo perfeito dele e produza o fruto do controle pr\u00f3prio e do comedimento em sua vida. Ele \u00e9 fiel para fazer isso.<\/p>\n","protected":false},"excerpt":{"rendered":"<p>VOC\u00ca PODE CONFIAR NO PLANO DE DEUS O livro de Ester do Antigo Testamento n\u00e3o faz nenhuma refer\u00eancia a Deus,&hellip;<\/p>\n","protected":false},"featured_media":345135,"comment_status":"open","ping_status":"closed","template":"","meta":[],"product_cat":[134,170],"product_tag":[],"_links":{"self":[{"href":"https:\/\/www.livrariarema.com.br\/loja\/wp-json\/wp\/v2\/product\/324391"}],"collection":[{"href":"https:\/\/www.livrariarema.com.br\/loja\/wp-json\/wp\/v2\/product"}],"about":[{"href":"https:\/\/www.livrariarema.com.br\/loja\/wp-json\/wp\/v2\/types\/product"}],"replies":[{"embeddable":true,"href":"https:\/\/www.livrariarema.com.br\/loja\/wp-json\/wp\/v2\/comments?post=324391"}],"wp:featuredmedia":[{"embeddable":true,"href":"https:\/\/www.livrariarema.com.br\/loja\/wp-json\/wp\/v2\/media\/345135"}],"wp:attachment":[{"href":"https:\/\/www.livrariarema.com.br\/loja\/wp-json\/wp\/v2\/media?parent=324391"}],"wp:term":[{"taxonomy":"product_cat","embeddable":true,"href":"https:\/\/www.livrariarema.com.br\/loja\/wp-json\/wp\/v2\/product_cat?post=324391"},{"taxonomy":"product_tag","embeddable":true,"href":"https:\/\/www.livrariarema.com.br\/loja\/wp-json\/wp\/v2\/product_tag?post=324391"}],"curies":[{"name":"wp","href":"https:\/\/api.w.org\/{rel}","templated":true}]}}