{"id":324459,"date":"2024-12-06T13:43:20","date_gmt":"2024-12-06T16:43:20","guid":{"rendered":"https:\/\/www.livrariarema.com.br\/loja\/produtos\/sem categoria\/lamina-mais-cortante-a-rebeca-sousa\/"},"modified":"2026-03-18T11:00:55","modified_gmt":"2026-03-18T14:00:55","slug":"lamina-mais-cortante-a-rebeca-sousa","status":"publish","type":"product","link":"https:\/\/www.livrariarema.com.br\/loja\/produtos\/livros\/ficcao\/lamina-mais-cortante-a-rebeca-sousa\/","title":{"rendered":"L\u00e2mina Mais Cortante, A &#8211; Rebeca Sousa"},"content":{"rendered":"<p>Edi\u00e7\u00e3o limitada com brinde exclusivo! Acompanha fl\u00e2mula e marcador de p\u00e1ginas.<\/p>\n<p>Uma aventura fant\u00e1stica sobre uma jovem escritora que descobre que seu destino est\u00e1 ligado a um reino m\u00e1gico amea\u00e7ado pela tirania, e que sua coragem \u00e9 t\u00e3o poderosa quanto a l\u00e2mina mais cortante.<\/p>\n<p>Anelise Ward, uma jovem escritora prod\u00edgio de Londres, est\u00e1 prestes a embarcar na maior jornada de sua vida, uma que vai al\u00e9m de qualquer hist\u00f3ria que j\u00e1 tenha criado. Tudo come\u00e7a com a estreia da pe\u00e7a teatral escrita por ela, que deveria ser um grande sucesso &#8211; at\u00e9 que uma piada inocente sobre o rei a coloca em apuros com a corte real. Humilhada e \u00e0 beira de desistir de seus sonhos, Anelise descobre um portal misterioso em seu quarto, que a transporta para Endem\u00f6r, um reino m\u00e1gico assolado por um rei cruel e invenc\u00edvel.<\/p>\n<p>L\u00e1, Anelise descobre que sua habilidade de contar hist\u00f3rias pode ser sua arma mais poderosa. Sua miss\u00e3o \u00e9 distrair o tirano com suas palavras enquanto os rebeldes lutam para salvar o reino. Mas, al\u00e9m de dilemas perigosos e de for\u00e7as sombrias, a garota tamb\u00e9m precisar\u00e1 encarar o medo do fracasso.<\/p>\n","protected":false},"excerpt":{"rendered":"<p>Edi\u00e7\u00e3o limitada com brinde exclusivo! Acompanha fl\u00e2mula e marcador de p\u00e1ginas. Uma aventura fant\u00e1stica sobre uma jovem escritora que descobre&hellip;<\/p>\n","protected":false},"featured_media":345813,"comment_status":"open","ping_status":"closed","template":"","meta":[],"product_cat":[162,134],"product_tag":[],"_links":{"self":[{"href":"https:\/\/www.livrariarema.com.br\/loja\/wp-json\/wp\/v2\/product\/324459"}],"collection":[{"href":"https:\/\/www.livrariarema.com.br\/loja\/wp-json\/wp\/v2\/product"}],"about":[{"href":"https:\/\/www.livrariarema.com.br\/loja\/wp-json\/wp\/v2\/types\/product"}],"replies":[{"embeddable":true,"href":"https:\/\/www.livrariarema.com.br\/loja\/wp-json\/wp\/v2\/comments?post=324459"}],"wp:featuredmedia":[{"embeddable":true,"href":"https:\/\/www.livrariarema.com.br\/loja\/wp-json\/wp\/v2\/media\/345813"}],"wp:attachment":[{"href":"https:\/\/www.livrariarema.com.br\/loja\/wp-json\/wp\/v2\/media?parent=324459"}],"wp:term":[{"taxonomy":"product_cat","embeddable":true,"href":"https:\/\/www.livrariarema.com.br\/loja\/wp-json\/wp\/v2\/product_cat?post=324459"},{"taxonomy":"product_tag","embeddable":true,"href":"https:\/\/www.livrariarema.com.br\/loja\/wp-json\/wp\/v2\/product_tag?post=324459"}],"curies":[{"name":"wp","href":"https:\/\/api.w.org\/{rel}","templated":true}]}}