{"id":324489,"date":"2024-12-06T16:20:39","date_gmt":"2024-12-06T19:20:39","guid":{"rendered":"https:\/\/www.livrariarema.com.br\/loja\/produtos\/sem%20categoria\/biblia-jesus-copy-nvi-sticker-branca\/"},"modified":"2026-04-10T10:00:58","modified_gmt":"2026-04-10T13:00:58","slug":"biblia-jesus-copy-nvi-sticker-branca","status":"publish","type":"product","link":"https:\/\/www.livrariarema.com.br\/loja\/produtos\/biblias\/nvi\/biblia-jesus-copy-nvi-sticker-branca\/","title":{"rendered":"B\u00edblia Jesus Copy &#8211; Nvi &#8211; Sticker 2.0 &#8211; Off-White"},"content":{"rendered":"<p>Essa B\u00edblia faz parte da nova cole\u00e7\u00e3o de B\u00edblias Sticker 2.0 JesusCopy. Essa faz parte de uma cole\u00e7\u00e3o de B\u00edblias com capa minimalista e totalmente personaliz\u00e1vel. Junto dela vem 5 cartelas de adesivos personalizados para voc\u00ea colar e mont\u00e1-la do seu jeito!<\/p>\n","protected":false},"excerpt":{"rendered":"<p>Essa B\u00edblia faz parte da nova cole\u00e7\u00e3o de B\u00edblias Sticker 2.0 JesusCopy. Essa faz parte de uma cole\u00e7\u00e3o de B\u00edblias&hellip;<\/p>\n","protected":false},"featured_media":343023,"comment_status":"open","ping_status":"closed","template":"","meta":[],"product_cat":[139,166],"product_tag":[],"_links":{"self":[{"href":"https:\/\/www.livrariarema.com.br\/loja\/wp-json\/wp\/v2\/product\/324489"}],"collection":[{"href":"https:\/\/www.livrariarema.com.br\/loja\/wp-json\/wp\/v2\/product"}],"about":[{"href":"https:\/\/www.livrariarema.com.br\/loja\/wp-json\/wp\/v2\/types\/product"}],"replies":[{"embeddable":true,"href":"https:\/\/www.livrariarema.com.br\/loja\/wp-json\/wp\/v2\/comments?post=324489"}],"wp:featuredmedia":[{"embeddable":true,"href":"https:\/\/www.livrariarema.com.br\/loja\/wp-json\/wp\/v2\/media\/343023"}],"wp:attachment":[{"href":"https:\/\/www.livrariarema.com.br\/loja\/wp-json\/wp\/v2\/media?parent=324489"}],"wp:term":[{"taxonomy":"product_cat","embeddable":true,"href":"https:\/\/www.livrariarema.com.br\/loja\/wp-json\/wp\/v2\/product_cat?post=324489"},{"taxonomy":"product_tag","embeddable":true,"href":"https:\/\/www.livrariarema.com.br\/loja\/wp-json\/wp\/v2\/product_tag?post=324489"}],"curies":[{"name":"wp","href":"https:\/\/api.w.org\/{rel}","templated":true}]}}