{"id":324522,"date":"2024-12-07T13:40:02","date_gmt":"2024-12-07T16:40:02","guid":{"rendered":"https:\/\/www.livrariarema.com.br\/loja\/produtos\/sem categoria\/mente-carismatica-a-valmir-nascimento\/"},"modified":"2026-02-24T12:32:35","modified_gmt":"2026-02-24T15:32:35","slug":"mente-carismatica-a-valmir-nascimento","status":"publish","type":"product","link":"https:\/\/www.livrariarema.com.br\/loja\/produtos\/promocao\/livros-promocao\/mente-carismatica-a-valmir-nascimento\/","title":{"rendered":"Mente Carism\u00e1tica, A &#8211; Valmir Nascimento"},"content":{"rendered":"<p>A mente carism\u00e1tica transforma nosso modo de testemunhar a f\u00e9 no mundo.<br \/>\nA mente carism\u00e1tica explora uma dimens\u00e3o pouco abordada do pentecostalismo, pois revela como a teologia p\u00fablica pode ampliar e enriquecer nossa f\u00e9. Por meio de uma an\u00e1lise envolvente do Novo Testamento, o autor nos mostra como podemos sair da zona de conforto para levar o evangelho \u00e0 pra\u00e7a p\u00fablica. No entanto, ele nos ensina que, antes de falar ao mundo, precisamos ser preparados pelo Esp\u00edrito Santo, vivendo um tempo de intimidade e poder com Deus.<br \/>\nValmir Nascimento Milomem Santos, pastor e te\u00f3logo, questiona como podemos ser cheios do Esp\u00edrito e, ao mesmo tempo, viver em harmonia com os valores modernos. Ele usa o exemplo inspirador de Paulo para mostrar que podemos ser apaixonados e racionais, guiados pelo Esp\u00edrito e ainda assim s\u00e1bios e \u00e9ticos. \u00c9 poss\u00edvel viver uma vida sobrenatural sem perder o contato com a realidade cotidiana.<br \/>\nEsta obra tamb\u00e9m destaca a import\u00e2ncia do di\u00e1logo com outras tradi\u00e7\u00f5es teol\u00f3gicas, promovendo uma mente aberta e crist\u00e3. Al\u00e9m disso, o autor ainda apresenta trinta t\u00f3picos pr\u00e1ticos que conectam a teologia p\u00fablica pentecostal com nosso cotidiano, oferecendo um guia poderoso para quem deseja viver a f\u00e9 de forma plena e impactante.<\/p>\n","protected":false},"excerpt":{"rendered":"<p>A mente carism\u00e1tica transforma nosso modo de testemunhar a f\u00e9 no mundo. A mente carism\u00e1tica explora uma dimens\u00e3o pouco abordada&hellip;<\/p>\n","protected":false},"featured_media":345352,"comment_status":"open","ping_status":"closed","template":"","meta":[],"product_cat":[143,142],"product_tag":[],"_links":{"self":[{"href":"https:\/\/www.livrariarema.com.br\/loja\/wp-json\/wp\/v2\/product\/324522"}],"collection":[{"href":"https:\/\/www.livrariarema.com.br\/loja\/wp-json\/wp\/v2\/product"}],"about":[{"href":"https:\/\/www.livrariarema.com.br\/loja\/wp-json\/wp\/v2\/types\/product"}],"replies":[{"embeddable":true,"href":"https:\/\/www.livrariarema.com.br\/loja\/wp-json\/wp\/v2\/comments?post=324522"}],"wp:featuredmedia":[{"embeddable":true,"href":"https:\/\/www.livrariarema.com.br\/loja\/wp-json\/wp\/v2\/media\/345352"}],"wp:attachment":[{"href":"https:\/\/www.livrariarema.com.br\/loja\/wp-json\/wp\/v2\/media?parent=324522"}],"wp:term":[{"taxonomy":"product_cat","embeddable":true,"href":"https:\/\/www.livrariarema.com.br\/loja\/wp-json\/wp\/v2\/product_cat?post=324522"},{"taxonomy":"product_tag","embeddable":true,"href":"https:\/\/www.livrariarema.com.br\/loja\/wp-json\/wp\/v2\/product_tag?post=324522"}],"curies":[{"name":"wp","href":"https:\/\/api.w.org\/{rel}","templated":true}]}}