{"id":324527,"date":"2024-12-07T13:41:45","date_gmt":"2024-12-07T16:41:45","guid":{"rendered":"https:\/\/www.livrariarema.com.br\/loja\/produtos\/sem categoria\/aquieta-minhalma-thamires-garcia\/"},"modified":"2026-04-23T09:50:39","modified_gmt":"2026-04-23T12:50:39","slug":"aquieta-minhalma-thamires-garcia","status":"publish","type":"product","link":"https:\/\/www.livrariarema.com.br\/loja\/produtos\/livros\/vida-crista\/aquieta-minhalma-thamires-garcia\/","title":{"rendered":"Aquieta Minh`Alma &#8211; Thamires Garcia"},"content":{"rendered":"<p>Esse livro \u00e9 um manual para todo aquele que precisa encontrar em Jesus um amigo verdadeiro! Atrav\u00e9s dessa literatura meu desejo \u00e9 que possamos viver em resposta daquilo que o Senhor j\u00e1 fez por n\u00f3s! Que por meio dessas p\u00e1ginas possamos encontrar um Deus que se aproxima, que nos ama, nos resgata; um Deus que abriu o caminho para sua graciosa Presen\u00e7a por meio do sacrif\u00edcio do Filho e garante estar conosco todos os dias da nossa vida.<\/p>\n<p>Que todas as dores, diagn\u00f3sticos e opini\u00f5es sejam levadas at\u00e9 os p\u00e9s da Cruz e ressignificadas por meio do Amor do Senhor que nos alcan\u00e7ou. Que atrav\u00e9s desse material encontremos o nosso amigo Jesus! Esse devocional deve ser realizado 1x por semana e para isso, em cada dia da semana, teremos uma esp\u00e9cie de tarefa, at\u00e9 que chegue o pr\u00f3ximo assunto!<\/p>\n<p>Voc\u00ea topa? Nessa jornada n\u00f3s iremos meditar em 52 cap\u00edtulos diferentes, confira alguns temas presentes: Fidelidade, servi\u00e7o, amor, alegria, cora\u00e7\u00e3o de crian\u00e7a, deixando tudo, nova esta\u00e7\u00e3o, mude a perspectiva, permane\u00e7a em mim, enchei-vos do Esp\u00edrito, f\u00e9 pura e simples, tudo novo e muitos outros!<\/p>\n","protected":false},"excerpt":{"rendered":"<p>Esse livro \u00e9 um manual para todo aquele que precisa encontrar em Jesus um amigo verdadeiro! Atrav\u00e9s dessa literatura meu&hellip;<\/p>\n","protected":false},"featured_media":343032,"comment_status":"open","ping_status":"closed","template":"","meta":[],"product_cat":[134,137],"product_tag":[],"_links":{"self":[{"href":"https:\/\/www.livrariarema.com.br\/loja\/wp-json\/wp\/v2\/product\/324527"}],"collection":[{"href":"https:\/\/www.livrariarema.com.br\/loja\/wp-json\/wp\/v2\/product"}],"about":[{"href":"https:\/\/www.livrariarema.com.br\/loja\/wp-json\/wp\/v2\/types\/product"}],"replies":[{"embeddable":true,"href":"https:\/\/www.livrariarema.com.br\/loja\/wp-json\/wp\/v2\/comments?post=324527"}],"wp:featuredmedia":[{"embeddable":true,"href":"https:\/\/www.livrariarema.com.br\/loja\/wp-json\/wp\/v2\/media\/343032"}],"wp:attachment":[{"href":"https:\/\/www.livrariarema.com.br\/loja\/wp-json\/wp\/v2\/media?parent=324527"}],"wp:term":[{"taxonomy":"product_cat","embeddable":true,"href":"https:\/\/www.livrariarema.com.br\/loja\/wp-json\/wp\/v2\/product_cat?post=324527"},{"taxonomy":"product_tag","embeddable":true,"href":"https:\/\/www.livrariarema.com.br\/loja\/wp-json\/wp\/v2\/product_tag?post=324527"}],"curies":[{"name":"wp","href":"https:\/\/api.w.org\/{rel}","templated":true}]}}