{"id":324583,"date":"2024-12-14T11:27:56","date_gmt":"2024-12-14T14:27:56","guid":{"rendered":"https:\/\/www.livrariarema.com.br\/loja\/produtos\/sem categoria\/alguem-salve-o-natal-do-tulio-paula-romero-e-bruna-simone\/"},"modified":"2026-03-20T11:45:49","modified_gmt":"2026-03-20T14:45:49","slug":"alguem-salve-o-natal-do-tulio-paula-romero-e-bruna-simone","status":"publish","type":"product","link":"https:\/\/www.livrariarema.com.br\/loja\/produtos\/livros\/infantil\/alguem-salve-o-natal-do-tulio-paula-romero-e-bruna-simone\/","title":{"rendered":"Alguem Salve O Natal Do T\u00falio &#8211; Paula Romero E Bruna Simone"},"content":{"rendered":"<p>Todos os anos, a fam\u00edlia inteira se re\u00fane na casa dos av\u00f3s do T\u00falio para comemorar o Natal, e \u00e9 sempre t\u00e3o legal! Os primos est\u00e3o reunidos; a casa est\u00e1 enfeitada; h\u00e1 divers\u00e3o, tradi\u00e7\u00e3o, comida gostosa, presentes. Mas parece que este ano o Natal n\u00e3o sair\u00e1 como esperado&#8230;<\/p>\n<p>O cora\u00e7\u00e3o do homem pode fazer planos, mas a resposta certa dos l\u00e1bios vem do Senhor&#8221; (Prov\u00e9rbios 16.1)<\/p>\n","protected":false},"excerpt":{"rendered":"<p>Todos os anos, a fam\u00edlia inteira se re\u00fane na casa dos av\u00f3s do T\u00falio para comemorar o Natal, e \u00e9&hellip;<\/p>\n","protected":false},"featured_media":324582,"comment_status":"open","ping_status":"closed","template":"","meta":[],"product_cat":[144,134],"product_tag":[],"_links":{"self":[{"href":"https:\/\/www.livrariarema.com.br\/loja\/wp-json\/wp\/v2\/product\/324583"}],"collection":[{"href":"https:\/\/www.livrariarema.com.br\/loja\/wp-json\/wp\/v2\/product"}],"about":[{"href":"https:\/\/www.livrariarema.com.br\/loja\/wp-json\/wp\/v2\/types\/product"}],"replies":[{"embeddable":true,"href":"https:\/\/www.livrariarema.com.br\/loja\/wp-json\/wp\/v2\/comments?post=324583"}],"wp:featuredmedia":[{"embeddable":true,"href":"https:\/\/www.livrariarema.com.br\/loja\/wp-json\/wp\/v2\/media\/324582"}],"wp:attachment":[{"href":"https:\/\/www.livrariarema.com.br\/loja\/wp-json\/wp\/v2\/media?parent=324583"}],"wp:term":[{"taxonomy":"product_cat","embeddable":true,"href":"https:\/\/www.livrariarema.com.br\/loja\/wp-json\/wp\/v2\/product_cat?post=324583"},{"taxonomy":"product_tag","embeddable":true,"href":"https:\/\/www.livrariarema.com.br\/loja\/wp-json\/wp\/v2\/product_tag?post=324583"}],"curies":[{"name":"wp","href":"https:\/\/api.w.org\/{rel}","templated":true}]}}