{"id":324585,"date":"2024-12-14T11:28:25","date_gmt":"2024-12-14T14:28:25","guid":{"rendered":"https:\/\/www.livrariarema.com.br\/loja\/produtos\/sem categoria\/sebe-de-espinhos-a-mary-martha-sherwood\/"},"modified":"2026-05-09T14:20:22","modified_gmt":"2026-05-09T17:20:22","slug":"sebe-de-espinhos-a-mary-martha-sherwood","status":"publish","type":"product","link":"https:\/\/www.livrariarema.com.br\/loja\/produtos\/livros\/juvenil\/sebe-de-espinhos-a-mary-martha-sherwood\/","title":{"rendered":"Sebe De Espinhos, A &#8211; Mary Martha Sherwood"},"content":{"rendered":"<p>O que h\u00e1 do outro lado da sebe? John estava desesperado para saber, e, apesar de todas as advert\u00eancias de seus pais e de sua professora para que n\u00e3o o fizesse, ele elaborou um plano &#8211; no qual envolveu sua querida irm\u00e3zinha Bell &#8211; para descobrir o segredo que estava atormentando sua curiosidade.<\/p>\n<p>Os acontecimentos que se seguiram lhe renderam uma li\u00e7\u00e3o que o marcou pelo resto de sua vida: sobre os limites que Deus estabelece para nosso pr\u00f3prio bem e as graves consequ\u00eancias que enfrentamos quando, em nossa rebeldia, tentamos transp\u00f4-los.<\/p>\n<p>Porque [Deus] n\u00e3o aflige, nem entristece de bom grado os filhos dos homens. (Lamenta\u00e7\u00f5es 3:33)<\/p>\n","protected":false},"excerpt":{"rendered":"<p>O que h\u00e1 do outro lado da sebe? John estava desesperado para saber, e, apesar de todas as advert\u00eancias de&hellip;<\/p>\n","protected":false},"featured_media":324584,"comment_status":"open","ping_status":"closed","template":"","meta":[],"product_cat":[184,134],"product_tag":[],"_links":{"self":[{"href":"https:\/\/www.livrariarema.com.br\/loja\/wp-json\/wp\/v2\/product\/324585"}],"collection":[{"href":"https:\/\/www.livrariarema.com.br\/loja\/wp-json\/wp\/v2\/product"}],"about":[{"href":"https:\/\/www.livrariarema.com.br\/loja\/wp-json\/wp\/v2\/types\/product"}],"replies":[{"embeddable":true,"href":"https:\/\/www.livrariarema.com.br\/loja\/wp-json\/wp\/v2\/comments?post=324585"}],"wp:featuredmedia":[{"embeddable":true,"href":"https:\/\/www.livrariarema.com.br\/loja\/wp-json\/wp\/v2\/media\/324584"}],"wp:attachment":[{"href":"https:\/\/www.livrariarema.com.br\/loja\/wp-json\/wp\/v2\/media?parent=324585"}],"wp:term":[{"taxonomy":"product_cat","embeddable":true,"href":"https:\/\/www.livrariarema.com.br\/loja\/wp-json\/wp\/v2\/product_cat?post=324585"},{"taxonomy":"product_tag","embeddable":true,"href":"https:\/\/www.livrariarema.com.br\/loja\/wp-json\/wp\/v2\/product_tag?post=324585"}],"curies":[{"name":"wp","href":"https:\/\/api.w.org\/{rel}","templated":true}]}}