{"id":324592,"date":"2024-12-14T11:31:02","date_gmt":"2024-12-14T14:31:02","guid":{"rendered":"https:\/\/www.livrariarema.com.br\/loja\/produtos\/sem categoria\/matador-de-gigantes-o-a-l-o-e\/"},"modified":"2026-03-24T16:54:03","modified_gmt":"2026-03-24T19:54:03","slug":"matador-de-gigantes-o-a-l-o-e","status":"publish","type":"product","link":"https:\/\/www.livrariarema.com.br\/loja\/produtos\/livros\/infantil\/matador-de-gigantes-o-a-l-o-e\/","title":{"rendered":"Matador De Gigantes, O &#8211; A.L.O.E"},"content":{"rendered":"<p>Adolfo e Constantin Probyn s\u00e3o irm\u00e3os g\u00eameos que foram enviados para morar com a fam\u00edlia de um pastor, em uma tentativa de coloc\u00e1-los na linha. A esposa do pastor, a Sra. Roby, v\u00ea na ocasi\u00e3o uma oportunidade para que seus tr\u00eas muito bem comportados e inteligentes filhos sejam desafiados a reconhecer o pecado nos seus cora\u00e7\u00f5es que se esconde sob a superf\u00edcie. Ela costuma ler uma hist\u00f3ria aleg\u00f3rica para as crian\u00e7as intitulada &#8220;O Matador de Gigantes&#8221;, na qual o bravo campe\u00e3o, Fides, deve matar inimigos de todos os tipos: Gigante Pregui\u00e7a, Gigante Ego\u00edsmo, Gigante Mentira, Gigante \u00d3dio e Gigante Orgulho.<br \/>\nFides \u00e0s vezes vacila, mas no final triunfa sobre todos os seus inimigos. Tanto as crian\u00e7as Roby quanto as crian\u00e7as Probyn tamb\u00e9m devem enfrentar seus pr\u00f3prios gigantes e optar por sucumbir ou agarrar o &#8220;cord\u00e3o do amor&#8221; para escapar de seus pecados.<\/p>\n<p>O amor \u00e9 paciente, \u00e9 benigno; o amor n\u00e3o arde em ci\u00fames, n\u00e3o se ufana, n\u00e3o se ensoberbece&#8230; (1Co 13.4)<\/p>\n<p>Charlotte Maria Tucker, a autora inglesa que escreve sob o pseud\u00f4nimo A.L.O.E. (A Lady Of England), nasceu em 1821, na Inglaterra. Sendo descendente de uma linhagem de escritores e intelectuais importantes de seu pa\u00eds, foi natural para Charlotte desenvolver seu talento nas letras. Come\u00e7ou a escrever compondo poemas para seus tr\u00eas sobrinhos, de cuja educa\u00e7\u00e3o ela era encarregada. Aos 54 anos, aprendeu sozinha o hindustano, uma l\u00edngua falada no norte da \u00cdndia, para onde se mudou, a fim de servir como mission\u00e1ria. Morreu aos 72 anos, em 1893, na \u00cdndia, tendo dedicado seus \u00faltimos 18 anos de vida a trabalhar como professora em escolas e institui\u00e7\u00f5es de ensino, e tamb\u00e9m lecionando sobre a f\u00e9 crist\u00e3 a mulheres indianas.<\/p>\n<p>Sua cosmovis\u00e3o crist\u00e3 evang\u00e9lica permeou seus mais de 150 escritos, cujos rendimentos ela muitas vezes direcionava para miss\u00f5es ou obras de caridade. A.L.O.E. \u00e9 uma autora que vale a pena ser lida.<\/p>\n","protected":false},"excerpt":{"rendered":"<p>Adolfo e Constantin Probyn s\u00e3o irm\u00e3os g\u00eameos que foram enviados para morar com a fam\u00edlia de um pastor, em uma&hellip;<\/p>\n","protected":false},"featured_media":324591,"comment_status":"open","ping_status":"closed","template":"","meta":[],"product_cat":[144,134],"product_tag":[],"_links":{"self":[{"href":"https:\/\/www.livrariarema.com.br\/loja\/wp-json\/wp\/v2\/product\/324592"}],"collection":[{"href":"https:\/\/www.livrariarema.com.br\/loja\/wp-json\/wp\/v2\/product"}],"about":[{"href":"https:\/\/www.livrariarema.com.br\/loja\/wp-json\/wp\/v2\/types\/product"}],"replies":[{"embeddable":true,"href":"https:\/\/www.livrariarema.com.br\/loja\/wp-json\/wp\/v2\/comments?post=324592"}],"wp:featuredmedia":[{"embeddable":true,"href":"https:\/\/www.livrariarema.com.br\/loja\/wp-json\/wp\/v2\/media\/324591"}],"wp:attachment":[{"href":"https:\/\/www.livrariarema.com.br\/loja\/wp-json\/wp\/v2\/media?parent=324592"}],"wp:term":[{"taxonomy":"product_cat","embeddable":true,"href":"https:\/\/www.livrariarema.com.br\/loja\/wp-json\/wp\/v2\/product_cat?post=324592"},{"taxonomy":"product_tag","embeddable":true,"href":"https:\/\/www.livrariarema.com.br\/loja\/wp-json\/wp\/v2\/product_tag?post=324592"}],"curies":[{"name":"wp","href":"https:\/\/api.w.org\/{rel}","templated":true}]}}