{"id":324598,"date":"2024-12-14T11:34:43","date_gmt":"2024-12-14T14:34:43","guid":{"rendered":"https:\/\/www.livrariarema.com.br\/loja\/produtos\/sem%20categoria\/raizes-africanas-da-fe-crista-as-deniro-machado\/"},"modified":"2025-03-08T10:48:12","modified_gmt":"2025-03-08T13:48:12","slug":"raizes-africanas-da-fe-crista-as-deniro-machado","status":"publish","type":"product","link":"https:\/\/www.livrariarema.com.br\/loja\/produtos\/livros\/cristianismo\/raizes-africanas-da-fe-crista-as-deniro-machado\/","title":{"rendered":"Ra\u00edzes Africanas Da F\u00e9 Crist\u00e3, As &#8211; Deniro Machado"},"content":{"rendered":"<p>Quando se fala sobre o Cristianismo e o continente africano, \u00e9 comum ouvir afirma\u00e7\u00f5es equivocadas de que o Cristianismo \u00e9 uma religi\u00e3o &#8220;branca&#8221;, &#8220;colonizadora&#8221; e &#8220;euroc\u00eantrica&#8221;. O problema \u00e9 que todas essas caracteriza\u00e7\u00f5es est\u00e3o equivocadas, e grande parte do discurso em torno do Cristianismo e da \u00c1frica carece de profundidade e compreens\u00e3o do assunto. Muitas vezes, exageros, mentiras e express\u00f5es simplistas, como &#8220;a religi\u00e3o do opressor&#8221;, s\u00e3o proferidos por indiv\u00edduos que sequer compreendem o car\u00e1ter global do Cristianismo.<\/p>\n<p>Outro grupo que carece de entendimento sobre as rela\u00e7\u00f5es entre a \u00c1frica e a F\u00e9 Crist\u00e3 s\u00e3o os pr\u00f3prios crist\u00e3os, que tendem a acreditar que o Cristianismo teve in\u00edcio em Jerusal\u00e9m e simplesmente &#8220;se espalhou&#8221; para o Ocidente. Muitos crist\u00e3os n\u00e3o t\u00eam consci\u00eancia de que importantes figuras das escrituras e da hist\u00f3ria do Cristianismo t\u00eam origem africana.<\/p>\n<p>H\u00e1 uma parte da hist\u00f3ria da Igreja e do Cristianismo que foi ocultada e apagada, privando-nos de um entendimento completo e genu\u00edno das intera\u00e7\u00f5es entre essa f\u00e9 e o continente africano. Nesta obra, o professor Deniro Machado nos convida a despertar nosso conhecimento hist\u00f3rico sobre o assunto!<\/p>\n","protected":false},"excerpt":{"rendered":"<p>Quando se fala sobre o Cristianismo e o continente africano, \u00e9 comum ouvir afirma\u00e7\u00f5es equivocadas de que o Cristianismo \u00e9&hellip;<\/p>\n","protected":false},"featured_media":327924,"comment_status":"open","ping_status":"closed","template":"","meta":[],"product_cat":[244,134],"product_tag":[],"_links":{"self":[{"href":"https:\/\/www.livrariarema.com.br\/loja\/wp-json\/wp\/v2\/product\/324598"}],"collection":[{"href":"https:\/\/www.livrariarema.com.br\/loja\/wp-json\/wp\/v2\/product"}],"about":[{"href":"https:\/\/www.livrariarema.com.br\/loja\/wp-json\/wp\/v2\/types\/product"}],"replies":[{"embeddable":true,"href":"https:\/\/www.livrariarema.com.br\/loja\/wp-json\/wp\/v2\/comments?post=324598"}],"wp:featuredmedia":[{"embeddable":true,"href":"https:\/\/www.livrariarema.com.br\/loja\/wp-json\/wp\/v2\/media\/327924"}],"wp:attachment":[{"href":"https:\/\/www.livrariarema.com.br\/loja\/wp-json\/wp\/v2\/media?parent=324598"}],"wp:term":[{"taxonomy":"product_cat","embeddable":true,"href":"https:\/\/www.livrariarema.com.br\/loja\/wp-json\/wp\/v2\/product_cat?post=324598"},{"taxonomy":"product_tag","embeddable":true,"href":"https:\/\/www.livrariarema.com.br\/loja\/wp-json\/wp\/v2\/product_tag?post=324598"}],"curies":[{"name":"wp","href":"https:\/\/api.w.org\/{rel}","templated":true}]}}