{"id":324606,"date":"2024-12-14T11:37:15","date_gmt":"2024-12-14T14:37:15","guid":{"rendered":"https:\/\/www.livrariarema.com.br\/loja\/produtos\/sem%20categoria\/apocalipse-de-alfa-a-omega-agnaldo-marques\/"},"modified":"2025-12-23T14:51:09","modified_gmt":"2025-12-23T17:51:09","slug":"apocalipse-de-alfa-a-omega-agnaldo-marques","status":"publish","type":"product","link":"https:\/\/www.livrariarema.com.br\/loja\/produtos\/livros\/apologetica\/apocalipse-de-alfa-a-omega-agnaldo-marques\/","title":{"rendered":"Apocalipse: De Alfa A \u00d4mega &#8211; Agnaldo Marques"},"content":{"rendered":"<p>&#8220;Apocalipse de Alfa a \u00d4mega&#8221; \u00e9 um estudo profundo do livro de Apocalipse sob uma perspectiva da Teologia Reformada. Agnaldo Marques, desvenda os mist\u00e9rios e simbolismos do texto b\u00edblico, oferecendo uma vis\u00e3o abrangente da revela\u00e7\u00e3o divina e da vit\u00f3ria de Cristo e da Igreja sobre o mal. O livro \u00e9 estruturado em sete se\u00e7\u00f5es que refletem as principais vis\u00f5es e temas do Apocalipse, desde o advento de Cristo at\u00e9 a consuma\u00e7\u00e3o do plano divino. S\u00e3o abordados o contexto hist\u00f3rico, os simbolismos num\u00e9ricos, e as figuras prof\u00e9ticas, como a besta e o anticristo, com interpreta\u00e7\u00f5es baseadas em evid\u00eancias teol\u00f3gicas, evitando especula\u00e7\u00f5es. Marques enfatiza a centralidade de Jesus, a necessidade de fidelidade e vigil\u00e2ncia, e o conforto da esperan\u00e7a escatol\u00f3gica. &#8220;Apocalipse de Alfa a \u00d4mega&#8221; \u00e9 uma obra essencial para quem busca compreender o livro de Apocalipse e sua mensagem de esperan\u00e7a e vit\u00f3ria eterna.<\/p>\n","protected":false},"excerpt":{"rendered":"<p>&#8220;Apocalipse de Alfa a \u00d4mega&#8221; \u00e9 um estudo profundo do livro de Apocalipse sob uma perspectiva da Teologia Reformada. Agnaldo&hellip;<\/p>\n","protected":false},"featured_media":328602,"comment_status":"open","ping_status":"closed","template":"","meta":[],"product_cat":[156,134],"product_tag":[],"_links":{"self":[{"href":"https:\/\/www.livrariarema.com.br\/loja\/wp-json\/wp\/v2\/product\/324606"}],"collection":[{"href":"https:\/\/www.livrariarema.com.br\/loja\/wp-json\/wp\/v2\/product"}],"about":[{"href":"https:\/\/www.livrariarema.com.br\/loja\/wp-json\/wp\/v2\/types\/product"}],"replies":[{"embeddable":true,"href":"https:\/\/www.livrariarema.com.br\/loja\/wp-json\/wp\/v2\/comments?post=324606"}],"wp:featuredmedia":[{"embeddable":true,"href":"https:\/\/www.livrariarema.com.br\/loja\/wp-json\/wp\/v2\/media\/328602"}],"wp:attachment":[{"href":"https:\/\/www.livrariarema.com.br\/loja\/wp-json\/wp\/v2\/media?parent=324606"}],"wp:term":[{"taxonomy":"product_cat","embeddable":true,"href":"https:\/\/www.livrariarema.com.br\/loja\/wp-json\/wp\/v2\/product_cat?post=324606"},{"taxonomy":"product_tag","embeddable":true,"href":"https:\/\/www.livrariarema.com.br\/loja\/wp-json\/wp\/v2\/product_tag?post=324606"}],"curies":[{"name":"wp","href":"https:\/\/api.w.org\/{rel}","templated":true}]}}