{"id":324728,"date":"2025-01-16T13:02:23","date_gmt":"2025-01-16T16:02:23","guid":{"rendered":"https:\/\/www.livrariarema.com.br\/loja\/produtos\/sem categoria\/caderno-brochura-universitario-96-folhas-d-amarelo\/"},"modified":"2026-01-14T15:41:24","modified_gmt":"2026-01-14T18:41:24","slug":"caderno-brochura-universitario-96-folhas-d-amarelo","status":"publish","type":"product","link":"https:\/\/www.livrariarema.com.br\/loja\/produtos\/papelaria\/caderno\/caderno-brochura-universitario-96-folhas-d-amarelo\/","title":{"rendered":"Caderno Brochura Universit\u00e1rio 96 Folhas &#8211; D+ Amarelo"},"content":{"rendered":"<p>O Caderno Brochura Universit\u00e1rio possui capa dura, \u00e1rea para identifica\u00e7\u00e3o e folhas pautadas. Ideal para o dia a dia na escola.<\/p>\n<p>Detalhes:<br \/>\nCapa dura<br \/>\nFolhas pautadas<br \/>\nMiolo<br \/>\nProduto certificado FSC<br \/>\nFormato 200mm x 275mm<br \/>\nGramatura 56 g\/m\u00b2<br \/>\nN\u00famero de folhas 96 folhas<\/p>\n","protected":false},"excerpt":{"rendered":"<p>O Caderno Brochura Universit\u00e1rio possui capa dura, \u00e1rea para identifica\u00e7\u00e3o e folhas pautadas. Ideal para o dia a dia na&hellip;<\/p>\n","protected":false},"featured_media":324727,"comment_status":"open","ping_status":"closed","template":"","meta":[],"product_cat":[230,215],"product_tag":[],"_links":{"self":[{"href":"https:\/\/www.livrariarema.com.br\/loja\/wp-json\/wp\/v2\/product\/324728"}],"collection":[{"href":"https:\/\/www.livrariarema.com.br\/loja\/wp-json\/wp\/v2\/product"}],"about":[{"href":"https:\/\/www.livrariarema.com.br\/loja\/wp-json\/wp\/v2\/types\/product"}],"replies":[{"embeddable":true,"href":"https:\/\/www.livrariarema.com.br\/loja\/wp-json\/wp\/v2\/comments?post=324728"}],"wp:featuredmedia":[{"embeddable":true,"href":"https:\/\/www.livrariarema.com.br\/loja\/wp-json\/wp\/v2\/media\/324727"}],"wp:attachment":[{"href":"https:\/\/www.livrariarema.com.br\/loja\/wp-json\/wp\/v2\/media?parent=324728"}],"wp:term":[{"taxonomy":"product_cat","embeddable":true,"href":"https:\/\/www.livrariarema.com.br\/loja\/wp-json\/wp\/v2\/product_cat?post=324728"},{"taxonomy":"product_tag","embeddable":true,"href":"https:\/\/www.livrariarema.com.br\/loja\/wp-json\/wp\/v2\/product_tag?post=324728"}],"curies":[{"name":"wp","href":"https:\/\/api.w.org\/{rel}","templated":true}]}}