{"id":324744,"date":"2025-01-16T13:11:59","date_gmt":"2025-01-16T16:11:59","guid":{"rendered":"https:\/\/www.livrariarema.com.br\/loja\/produtos\/sem categoria\/biblia-de-estudo-acf-marrom\/"},"modified":"2026-04-15T12:40:32","modified_gmt":"2026-04-15T15:40:32","slug":"biblia-de-estudo-acf-marrom","status":"publish","type":"product","link":"https:\/\/www.livrariarema.com.br\/loja\/produtos\/biblias\/estudo\/biblia-de-estudo-acf-marrom\/","title":{"rendered":"B\u00edblia De Estudo Acf &#8211; Marrom"},"content":{"rendered":"<p>A tradu\u00e7\u00e3o Almeida Corrigida Fiel (ACF) \u00e9 conhecida por ser um texto cl\u00e1ssico que preserva toda a tradi\u00e7\u00e3o de Jo\u00e3o Ferreira de Almeida. Com base nisso, foram usados os melhores avan\u00e7os em tipografia para desenvolver a Fonte Leitura Perfeita, que \u00e9 exclusiva da Thomas Nelson e reflete esse rico legado de um texto fiel aos originais, revestido de autoridade e embasado nos manuscritos mais confi\u00e1veis. O resultado \u00e9 uma letra exclusiva, clara e leg\u00edvel em qualquer tamanho.<Br><br \/>\n<Br><br \/>\nA B\u00edblia conta com:<Br><br \/>\n&#8211;    Coment\u00e1rios b\u00edblicos da King James Study Bible.<Br><br \/>\n&#8211;    5.700 coment\u00e1rios em notas no rodap\u00e9 da p\u00e1gina, com estudos confi\u00e1veis.<Br><br \/>\n&#8211;    Refer\u00eancias cruzadas acompanhando o texto b\u00edblico em coluna central.<Br><br \/>\n&#8211;    Concord\u00e2ncia b\u00edblica abreviada da ACF vinculada \u00e0 cl\u00e1ssica concord\u00e2ncia de Strong.<br \/>\n&#8211;    \u00cdndice tem\u00e1tico de Cristo e dos Evangelhos; dos ensinos e ilustra\u00e7\u00f5es de Cristo; das par\u00e1bolas e milagres de Jesus; das profecias messi\u00e2nicas cumpridas em Cristo.<Br><br \/>\n&#8211;    \u00cdndice tem\u00e1tico de Paulo e suas cartas.<Br><br \/>\n&#8211;    \u00cdndice tem\u00e1tico das profecias sobre o fim dos tempos.<Br><br \/>\n&#8211;    Tabela de moedas, pesos e medidas.<Br><br \/>\n&#8211;    Calend\u00e1rio judaico.<Br><br \/>\n&#8211;    Ora\u00e7\u00f5es da B\u00edblia.<Br><br \/>\n&#8211;    \u00cdndice dos coment\u00e1rios.<Br><br \/>\n&#8211;    Diagramas e tabelas.<Br><\/p>\n","protected":false},"excerpt":{"rendered":"<p>A tradu\u00e7\u00e3o Almeida Corrigida Fiel (ACF) \u00e9 conhecida por ser um texto cl\u00e1ssico que preserva toda a tradi\u00e7\u00e3o de Jo\u00e3o&hellip;<\/p>\n","protected":false},"featured_media":340102,"comment_status":"open","ping_status":"closed","template":"","meta":[],"product_cat":[139,140],"product_tag":[],"_links":{"self":[{"href":"https:\/\/www.livrariarema.com.br\/loja\/wp-json\/wp\/v2\/product\/324744"}],"collection":[{"href":"https:\/\/www.livrariarema.com.br\/loja\/wp-json\/wp\/v2\/product"}],"about":[{"href":"https:\/\/www.livrariarema.com.br\/loja\/wp-json\/wp\/v2\/types\/product"}],"replies":[{"embeddable":true,"href":"https:\/\/www.livrariarema.com.br\/loja\/wp-json\/wp\/v2\/comments?post=324744"}],"wp:featuredmedia":[{"embeddable":true,"href":"https:\/\/www.livrariarema.com.br\/loja\/wp-json\/wp\/v2\/media\/340102"}],"wp:attachment":[{"href":"https:\/\/www.livrariarema.com.br\/loja\/wp-json\/wp\/v2\/media?parent=324744"}],"wp:term":[{"taxonomy":"product_cat","embeddable":true,"href":"https:\/\/www.livrariarema.com.br\/loja\/wp-json\/wp\/v2\/product_cat?post=324744"},{"taxonomy":"product_tag","embeddable":true,"href":"https:\/\/www.livrariarema.com.br\/loja\/wp-json\/wp\/v2\/product_tag?post=324744"}],"curies":[{"name":"wp","href":"https:\/\/api.w.org\/{rel}","templated":true}]}}