{"id":324951,"date":"2025-01-17T08:40:59","date_gmt":"2025-01-17T11:40:59","guid":{"rendered":"https:\/\/www.livrariarema.com.br\/loja\/produtos\/sem categoria\/grande-amor-de-deus-por-voce-o-rick-warren\/"},"modified":"2026-03-28T11:22:18","modified_gmt":"2026-03-28T14:22:18","slug":"grande-amor-de-deus-por-voce-o-rick-warren","status":"publish","type":"product","link":"https:\/\/www.livrariarema.com.br\/loja\/produtos\/livros\/infantil\/grande-amor-de-deus-por-voce-o-rick-warren\/","title":{"rendered":"Grande Amor De Deus Por Voc\u00ea, O &#8211; Rick Warren"},"content":{"rendered":"<p>O grande amor de Deus por voc\u00ea, escrito pelo autor best-seller do New York Times Rick Warren, leva as crian\u00e7as em uma jornada encantadora e cheia de ternura, mostrando que o amor de Deus \u00e9 enorme e as acompanha onde quer que elas estejam. \u00c9 um presente perfeito para anivers\u00e1rios, batizados, Natal e demais datas comemorativas<\/p>\n","protected":false},"excerpt":{"rendered":"<p>O grande amor de Deus por voc\u00ea, escrito pelo autor best-seller do New York Times Rick Warren, leva as crian\u00e7as&hellip;<\/p>\n","protected":false},"featured_media":330606,"comment_status":"open","ping_status":"closed","template":"","meta":[],"product_cat":[144,134],"product_tag":[],"_links":{"self":[{"href":"https:\/\/www.livrariarema.com.br\/loja\/wp-json\/wp\/v2\/product\/324951"}],"collection":[{"href":"https:\/\/www.livrariarema.com.br\/loja\/wp-json\/wp\/v2\/product"}],"about":[{"href":"https:\/\/www.livrariarema.com.br\/loja\/wp-json\/wp\/v2\/types\/product"}],"replies":[{"embeddable":true,"href":"https:\/\/www.livrariarema.com.br\/loja\/wp-json\/wp\/v2\/comments?post=324951"}],"wp:featuredmedia":[{"embeddable":true,"href":"https:\/\/www.livrariarema.com.br\/loja\/wp-json\/wp\/v2\/media\/330606"}],"wp:attachment":[{"href":"https:\/\/www.livrariarema.com.br\/loja\/wp-json\/wp\/v2\/media?parent=324951"}],"wp:term":[{"taxonomy":"product_cat","embeddable":true,"href":"https:\/\/www.livrariarema.com.br\/loja\/wp-json\/wp\/v2\/product_cat?post=324951"},{"taxonomy":"product_tag","embeddable":true,"href":"https:\/\/www.livrariarema.com.br\/loja\/wp-json\/wp\/v2\/product_tag?post=324951"}],"curies":[{"name":"wp","href":"https:\/\/api.w.org\/{rel}","templated":true}]}}