{"id":324953,"date":"2025-01-17T08:41:02","date_gmt":"2025-01-17T11:41:02","guid":{"rendered":"https:\/\/www.livrariarema.com.br\/loja\/produtos\/sem%20categoria\/cha-com-elefantes-robin-jones-gunn\/"},"modified":"2026-03-05T09:41:58","modified_gmt":"2026-03-05T12:41:58","slug":"cha-com-elefantes-robin-jones-gunn","status":"publish","type":"product","link":"https:\/\/www.livrariarema.com.br\/loja\/produtos\/livros\/ficcao\/cha-com-elefantes-robin-jones-gunn\/","title":{"rendered":"Ch\u00e1 Com Elefantes &#8211; Robin Jones Gunn"},"content":{"rendered":"<p>&#8220;Se voc\u00ea quer ir r\u00e1pido, v\u00e1 sozinho.Se quer ir longe, v\u00e1 acompanhado.&#8221;<Br><br \/>\nProv\u00e9rbio africano<Br><br \/>\n<Br><br \/>\nFern Espinoza e Lily Garden compartilham uma amizade inquebr\u00e1vel desde que se conheceram, ainda adolescentes, em uma viagem mission\u00e1ria na Costa Rica. Agora, duas d\u00e9cadas depois, elas realizam um sonho antigo: viajar juntas para o continente africano. Mas a t\u00e3o esperada aventura reserva surpresas e li\u00e7\u00f5es que v\u00e3o al\u00e9m do que imaginavam quando jovens.<Br><br \/>\nEnquanto desbravam terras deslumbrantes, com campos de ch\u00e1 verde-esmeralda, girafas elegantes e elefantes travessos, Fern e Lily se abrem uma com a outra sobre os desafios internos que cada uma carrega.<Br><br \/>\nNessa jornada, descobrir\u00e3o que as pessoas que encontram e os lugares que visitam t\u00eam o poder de transformar suas vidas. Mas s\u00f3 se tiverem a coragem de ouvir as li\u00e7\u00f5es que Deus lhes sussurra.<Br><br \/>\nPrepare-se para uma aventura inesquec\u00edvel sobre o poder da f\u00e9 e da amizade.<Br><\/p>\n","protected":false},"excerpt":{"rendered":"<p>&#8220;Se voc\u00ea quer ir r\u00e1pido, v\u00e1 sozinho.Se quer ir longe, v\u00e1 acompanhado.&#8221; Prov\u00e9rbio africano Fern Espinoza e Lily Garden compartilham&hellip;<\/p>\n","protected":false},"featured_media":340121,"comment_status":"open","ping_status":"closed","template":"","meta":[],"product_cat":[162,134],"product_tag":[],"_links":{"self":[{"href":"https:\/\/www.livrariarema.com.br\/loja\/wp-json\/wp\/v2\/product\/324953"}],"collection":[{"href":"https:\/\/www.livrariarema.com.br\/loja\/wp-json\/wp\/v2\/product"}],"about":[{"href":"https:\/\/www.livrariarema.com.br\/loja\/wp-json\/wp\/v2\/types\/product"}],"replies":[{"embeddable":true,"href":"https:\/\/www.livrariarema.com.br\/loja\/wp-json\/wp\/v2\/comments?post=324953"}],"wp:featuredmedia":[{"embeddable":true,"href":"https:\/\/www.livrariarema.com.br\/loja\/wp-json\/wp\/v2\/media\/340121"}],"wp:attachment":[{"href":"https:\/\/www.livrariarema.com.br\/loja\/wp-json\/wp\/v2\/media?parent=324953"}],"wp:term":[{"taxonomy":"product_cat","embeddable":true,"href":"https:\/\/www.livrariarema.com.br\/loja\/wp-json\/wp\/v2\/product_cat?post=324953"},{"taxonomy":"product_tag","embeddable":true,"href":"https:\/\/www.livrariarema.com.br\/loja\/wp-json\/wp\/v2\/product_tag?post=324953"}],"curies":[{"name":"wp","href":"https:\/\/api.w.org\/{rel}","templated":true}]}}