{"id":324955,"date":"2025-01-17T08:41:07","date_gmt":"2025-01-17T11:41:07","guid":{"rendered":"https:\/\/www.livrariarema.com.br\/loja\/produtos\/sem%20categoria\/encarando-a-verdade-thamires-marinho\/"},"modified":"2026-03-04T12:29:30","modified_gmt":"2026-03-04T15:29:30","slug":"encarando-a-verdade-thamires-marinho","status":"publish","type":"product","link":"https:\/\/www.livrariarema.com.br\/loja\/produtos\/livros\/romance\/encarando-a-verdade-thamires-marinho\/","title":{"rendered":"Encarando A Verdade &#8211; Thamires Marinho"},"content":{"rendered":"<p>At\u00e9 onde voc\u00ea iria para ser popular?<\/p>\n<p>Melissa foi longe demais. Ao aceitar estudar no prestigiado Col\u00e9gio Cesari, ela assume uma vida dupla como uma garota rica, popular e perfeita, com pais diplomatas e v\u00e1rios garotos aos seus p\u00e9s. Mas, na vida real-oficial, a turma da escola nem imagina que suas &#8220;f\u00e9rias em Nova York&#8221; foram, na verdade, dias simples com seus parentes no interior.<\/p>\n<p>Com a chegada do novo semestre, tudo amea\u00e7a desmoronar: Alice, uma (ex-)amiga de inf\u00e2ncia que conhece a verdadeira Mel, reaparece com inten\u00e7\u00f5es inesperadas, enquanto Nick, um garoto intrigante, desperta nela perguntas que nunca ousou fazer.<\/p>\n<p>Rodeada de mentiras, Melissa precisar\u00e1 enfrentar a escolha mais dif\u00edcil de sua vida: continuar fugindo ou finalmente encarar a verdade &#8211; custe o que custar.<\/p>\n","protected":false},"excerpt":{"rendered":"<p>At\u00e9 onde voc\u00ea iria para ser popular? Melissa foi longe demais. Ao aceitar estudar no prestigiado Col\u00e9gio Cesari, ela assume&hellip;<\/p>\n","protected":false},"featured_media":345780,"comment_status":"open","ping_status":"closed","template":"","meta":[],"product_cat":[134,182],"product_tag":[],"_links":{"self":[{"href":"https:\/\/www.livrariarema.com.br\/loja\/wp-json\/wp\/v2\/product\/324955"}],"collection":[{"href":"https:\/\/www.livrariarema.com.br\/loja\/wp-json\/wp\/v2\/product"}],"about":[{"href":"https:\/\/www.livrariarema.com.br\/loja\/wp-json\/wp\/v2\/types\/product"}],"replies":[{"embeddable":true,"href":"https:\/\/www.livrariarema.com.br\/loja\/wp-json\/wp\/v2\/comments?post=324955"}],"wp:featuredmedia":[{"embeddable":true,"href":"https:\/\/www.livrariarema.com.br\/loja\/wp-json\/wp\/v2\/media\/345780"}],"wp:attachment":[{"href":"https:\/\/www.livrariarema.com.br\/loja\/wp-json\/wp\/v2\/media?parent=324955"}],"wp:term":[{"taxonomy":"product_cat","embeddable":true,"href":"https:\/\/www.livrariarema.com.br\/loja\/wp-json\/wp\/v2\/product_cat?post=324955"},{"taxonomy":"product_tag","embeddable":true,"href":"https:\/\/www.livrariarema.com.br\/loja\/wp-json\/wp\/v2\/product_tag?post=324955"}],"curies":[{"name":"wp","href":"https:\/\/api.w.org\/{rel}","templated":true}]}}