{"id":324975,"date":"2025-01-17T08:46:30","date_gmt":"2025-01-17T11:46:30","guid":{"rendered":"https:\/\/www.livrariarema.com.br\/loja\/produtos\/sem categoria\/calcados-confortaveis-4-caminhando-a-segunda-milha-sharon-garlough-brown\/"},"modified":"2026-02-25T15:20:25","modified_gmt":"2026-02-25T18:20:25","slug":"calcados-confortaveis-4-caminhando-a-segunda-milha-sharon-garlough-brown","status":"publish","type":"product","link":"https:\/\/www.livrariarema.com.br\/loja\/produtos\/livros\/romance\/calcados-confortaveis-4-caminhando-a-segunda-milha-sharon-garlough-brown\/","title":{"rendered":"Cal\u00e7ados Confort\u00e1veis 4 &#8211; Caminhando A Segunda Milha &#8211; Sharon Garlough Brown"},"content":{"rendered":"<p>No \u00faltimo volume da s\u00e9rie, as quatro mulheres enfrentam prova\u00e7\u00f5es que colocar\u00e3o \u00e0 prova sua confian\u00e7a &#8211; e sua valiosa amizade.<br \/>\nEnquanto lamenta as perdas de uma amiga querida e de sua posi\u00e7\u00e3o ministerial, Hanna come\u00e7a a abra\u00e7ar as alegrias e os desafios de seu casamento. Entre o turbilh\u00e3o do div\u00f3rcio e o caos em casa, Mara ouve o chamado para servir ao pr\u00f3ximo. Sobrecarregada pela gravidez e pelas exig\u00eancias profissionais, Charissa ir\u00e1 precisar de ainda mais gra\u00e7a para si e para os que est\u00e3o ao seu lado. Tomada pelo arrependimento e tentando lidar com uma dolorosa aus\u00eancia, Becca procura a esperan\u00e7a no futuro e o caminho de volta para casa.<br \/>\nDepois de profundas alegrias e perdas devastadoras, as amigas do clube dos sapatos confort\u00e1veis chegam \u00e0 \u00faltima etapa de sua jornada espiritual. Em meio a tantas mudan\u00e7as, elas ser\u00e3o capazes de aceitar o novo chamado de Deus e continuar a caminhada?<\/p>\n","protected":false},"excerpt":{"rendered":"<p>No \u00faltimo volume da s\u00e9rie, as quatro mulheres enfrentam prova\u00e7\u00f5es que colocar\u00e3o \u00e0 prova sua confian\u00e7a &#8211; e sua valiosa&hellip;<\/p>\n","protected":false},"featured_media":343113,"comment_status":"open","ping_status":"closed","template":"","meta":[],"product_cat":[134,182],"product_tag":[],"_links":{"self":[{"href":"https:\/\/www.livrariarema.com.br\/loja\/wp-json\/wp\/v2\/product\/324975"}],"collection":[{"href":"https:\/\/www.livrariarema.com.br\/loja\/wp-json\/wp\/v2\/product"}],"about":[{"href":"https:\/\/www.livrariarema.com.br\/loja\/wp-json\/wp\/v2\/types\/product"}],"replies":[{"embeddable":true,"href":"https:\/\/www.livrariarema.com.br\/loja\/wp-json\/wp\/v2\/comments?post=324975"}],"wp:featuredmedia":[{"embeddable":true,"href":"https:\/\/www.livrariarema.com.br\/loja\/wp-json\/wp\/v2\/media\/343113"}],"wp:attachment":[{"href":"https:\/\/www.livrariarema.com.br\/loja\/wp-json\/wp\/v2\/media?parent=324975"}],"wp:term":[{"taxonomy":"product_cat","embeddable":true,"href":"https:\/\/www.livrariarema.com.br\/loja\/wp-json\/wp\/v2\/product_cat?post=324975"},{"taxonomy":"product_tag","embeddable":true,"href":"https:\/\/www.livrariarema.com.br\/loja\/wp-json\/wp\/v2\/product_tag?post=324975"}],"curies":[{"name":"wp","href":"https:\/\/api.w.org\/{rel}","templated":true}]}}