{"id":324986,"date":"2025-01-17T08:47:23","date_gmt":"2025-01-17T11:47:23","guid":{"rendered":"https:\/\/www.livrariarema.com.br\/loja\/produtos\/sem categoria\/meu-plano-perfeito-capa-xadrez-com-sobrecapa-executiva-em-couro-soft\/"},"modified":"2026-02-10T12:12:37","modified_gmt":"2026-02-10T15:12:37","slug":"meu-plano-perfeito-capa-xadrez-com-sobrecapa-executiva-em-couro-soft","status":"publish","type":"product","link":"https:\/\/www.livrariarema.com.br\/loja\/produtos\/papelaria\/agenda\/meu-plano-perfeito-capa-xadrez-com-sobrecapa-executiva-em-couro-soft\/","title":{"rendered":"Meu Plano Perfeito &#8211; Capa Xadrez Com Sobrecapa Executiva Em Couro-Soft"},"content":{"rendered":"<p>J\u00e1 pensou em ter todas as esferas da sua vida organizadas ao alcance de sua m\u00e3o? Com MEU PLANO PERFEITO, voc\u00ea pode! Neste planner anual, voc\u00ea vai encontrar dicas e sugest\u00f5es pr\u00e1ticas para o seu dia a dia, a fim de ajud\u00e1-la a analisar suas necessidades e criar seu pr\u00f3prio planejamento com organiza\u00e7\u00e3o e estilo.<\/p>\n<p>Este planner cont\u00e9m tudo o que voc\u00ea precisa para avaliar e planejar melhor suas atividades em todas as esferas da vida, seja em CASA, nos RELACIONAMENTOS, na F\u00c9, na VIDA PESSOAL ou no TRABALHO. Agora organizado em abas mensais, ficou ainda mais f\u00e1cil criar novos h\u00e1bitos, organizar as finan\u00e7as e metas, anotar as tarefas, registrar os momentos com Deus e acompanhar o humor &#8211; tudo isso com a ajuda de cartelas de adesivos que incluem etiquetas totalmente personaliz\u00e1veis.<\/p>\n<p>Al\u00e9m disso, cont\u00e9m uma aba extra com p\u00e1ginas em bullet journal para voc\u00ea preencher e CUSTOMIZAR como quiser. Como o planner n\u00e3o \u00e9 datado, voc\u00ea pode come\u00e7ar a us\u00e1-lo a qualquer momento. Comece agora mesmo a montar o seu plano perfeito!<\/p>\n","protected":false},"excerpt":{"rendered":"<p>J\u00e1 pensou em ter todas as esferas da sua vida organizadas ao alcance de sua m\u00e3o? Com MEU PLANO PERFEITO,&hellip;<\/p>\n","protected":false},"featured_media":343359,"comment_status":"open","ping_status":"closed","template":"","meta":[],"product_cat":[248,215],"product_tag":[],"_links":{"self":[{"href":"https:\/\/www.livrariarema.com.br\/loja\/wp-json\/wp\/v2\/product\/324986"}],"collection":[{"href":"https:\/\/www.livrariarema.com.br\/loja\/wp-json\/wp\/v2\/product"}],"about":[{"href":"https:\/\/www.livrariarema.com.br\/loja\/wp-json\/wp\/v2\/types\/product"}],"replies":[{"embeddable":true,"href":"https:\/\/www.livrariarema.com.br\/loja\/wp-json\/wp\/v2\/comments?post=324986"}],"wp:featuredmedia":[{"embeddable":true,"href":"https:\/\/www.livrariarema.com.br\/loja\/wp-json\/wp\/v2\/media\/343359"}],"wp:attachment":[{"href":"https:\/\/www.livrariarema.com.br\/loja\/wp-json\/wp\/v2\/media?parent=324986"}],"wp:term":[{"taxonomy":"product_cat","embeddable":true,"href":"https:\/\/www.livrariarema.com.br\/loja\/wp-json\/wp\/v2\/product_cat?post=324986"},{"taxonomy":"product_tag","embeddable":true,"href":"https:\/\/www.livrariarema.com.br\/loja\/wp-json\/wp\/v2\/product_tag?post=324986"}],"curies":[{"name":"wp","href":"https:\/\/api.w.org\/{rel}","templated":true}]}}