{"id":325029,"date":"2025-01-17T10:19:43","date_gmt":"2025-01-17T13:19:43","guid":{"rendered":"https:\/\/www.livrariarema.com.br\/loja\/produtos\/sem categoria\/biblia-de-estudo-filament-nvt-lilas\/"},"modified":"2026-02-02T13:50:20","modified_gmt":"2026-02-02T16:50:20","slug":"biblia-de-estudo-filament-nvt-lilas","status":"publish","type":"product","link":"https:\/\/www.livrariarema.com.br\/loja\/produtos\/biblias\/estudo\/biblia-de-estudo-filament-nvt-lilas\/","title":{"rendered":"B\u00edblia De Estudo Filament &#8211; Nvt &#8211; Lil\u00e1s"},"content":{"rendered":"<p>A B\u00edblia Filament \u00e9 a vers\u00e3o mais inovadora que j\u00e1 foi publicada em l\u00edngua portuguesa. Ela une a simplicidade e clareza da Nova Vers\u00e3o Transformadora (NVT) com uma experi\u00eancia digital imersiva que vai surpreender voc\u00ea! Al\u00e9m do texto impresso, a B\u00edblia oferece acesso gratuito ao aplicativo Filament, que \u00e9 f\u00e1cil de utilizar e expande sua leitura com recursos incr\u00edveis, diretamente no seu celular ou tablet.<\/p>\n<p>Com o aplicativo Filament, voc\u00ea ter\u00e1:<br \/>\nNotas de estudo detalhadas<br \/>\nArtigos tem\u00e1ticos para enriquecer seu conhecimento<br \/>\nPerfis de personagens b\u00edblicos<br \/>\nDevocionais di\u00e1rios para momentos de reflex\u00e3o<br \/>\nV\u00eddeos explicativos<br \/>\nMapas interativos<br \/>\nA B\u00edblia completa em \u00e1udio<br \/>\nE muito mais!<\/p>\n<p>Seja para os momentos de estudo, prega\u00e7\u00f5es ou devocionais, a B\u00edblia Filament vai transformar a forma como voc\u00ea interage com a Palavra de Deus!<\/p>\n<p>Prepare-se para uma nova experi\u00eancia de leitura da B\u00edblia!<\/p>\n","protected":false},"excerpt":{"rendered":"<p>A B\u00edblia Filament \u00e9 a vers\u00e3o mais inovadora que j\u00e1 foi publicada em l\u00edngua portuguesa. Ela une a simplicidade e&hellip;<\/p>\n","protected":false},"featured_media":327965,"comment_status":"open","ping_status":"closed","template":"","meta":[],"product_cat":[139,140],"product_tag":[],"_links":{"self":[{"href":"https:\/\/www.livrariarema.com.br\/loja\/wp-json\/wp\/v2\/product\/325029"}],"collection":[{"href":"https:\/\/www.livrariarema.com.br\/loja\/wp-json\/wp\/v2\/product"}],"about":[{"href":"https:\/\/www.livrariarema.com.br\/loja\/wp-json\/wp\/v2\/types\/product"}],"replies":[{"embeddable":true,"href":"https:\/\/www.livrariarema.com.br\/loja\/wp-json\/wp\/v2\/comments?post=325029"}],"wp:featuredmedia":[{"embeddable":true,"href":"https:\/\/www.livrariarema.com.br\/loja\/wp-json\/wp\/v2\/media\/327965"}],"wp:attachment":[{"href":"https:\/\/www.livrariarema.com.br\/loja\/wp-json\/wp\/v2\/media?parent=325029"}],"wp:term":[{"taxonomy":"product_cat","embeddable":true,"href":"https:\/\/www.livrariarema.com.br\/loja\/wp-json\/wp\/v2\/product_cat?post=325029"},{"taxonomy":"product_tag","embeddable":true,"href":"https:\/\/www.livrariarema.com.br\/loja\/wp-json\/wp\/v2\/product_tag?post=325029"}],"curies":[{"name":"wp","href":"https:\/\/api.w.org\/{rel}","templated":true}]}}