{"id":325036,"date":"2025-01-17T10:20:05","date_gmt":"2025-01-17T13:20:05","guid":{"rendered":"https:\/\/www.livrariarema.com.br\/loja\/produtos\/sem categoria\/aurora-vitoria-souza\/"},"modified":"2026-02-11T13:49:38","modified_gmt":"2026-02-11T16:49:38","slug":"aurora-vitoria-souza","status":"publish","type":"product","link":"https:\/\/www.livrariarema.com.br\/loja\/produtos\/livros\/ficcao\/aurora-vitoria-souza\/","title":{"rendered":"Aurora &#8211; Vit\u00f3ria Souza"},"content":{"rendered":"<p>Voc\u00ea est\u00e1 preparado para questionar tudo o que acredita e lutar por um novo come\u00e7o?<\/p>\n<p>No dia de sua morte, Helsye Agris, uma garota nascida na prov\u00edncia mais pobre de um pa\u00eds quase dizimado, descobre algo surpreendente &#8211; ela \u00e9 a esperan\u00e7a para o seu povo.  Ao lado de um l\u00edder enigm\u00e1tico e sua equipe peculiar, ela embarca em uma miss\u00e3o perigosa para derrubar o sistema opressor e criar um novo futuro. Mas, nessa jornada, nossa protagonista encontrar\u00e1 verdades que n\u00e3o estava pronta para enfrentar.<\/p>\n<p>O destino do mundo est\u00e1 prestes a mudar &#8211; e Ayah \u00e9 a chave.<\/p>\n","protected":false},"excerpt":{"rendered":"<p>Voc\u00ea est\u00e1 preparado para questionar tudo o que acredita e lutar por um novo come\u00e7o? No dia de sua morte,&hellip;<\/p>\n","protected":false},"featured_media":344310,"comment_status":"open","ping_status":"closed","template":"","meta":[],"product_cat":[162,134],"product_tag":[],"_links":{"self":[{"href":"https:\/\/www.livrariarema.com.br\/loja\/wp-json\/wp\/v2\/product\/325036"}],"collection":[{"href":"https:\/\/www.livrariarema.com.br\/loja\/wp-json\/wp\/v2\/product"}],"about":[{"href":"https:\/\/www.livrariarema.com.br\/loja\/wp-json\/wp\/v2\/types\/product"}],"replies":[{"embeddable":true,"href":"https:\/\/www.livrariarema.com.br\/loja\/wp-json\/wp\/v2\/comments?post=325036"}],"wp:featuredmedia":[{"embeddable":true,"href":"https:\/\/www.livrariarema.com.br\/loja\/wp-json\/wp\/v2\/media\/344310"}],"wp:attachment":[{"href":"https:\/\/www.livrariarema.com.br\/loja\/wp-json\/wp\/v2\/media?parent=325036"}],"wp:term":[{"taxonomy":"product_cat","embeddable":true,"href":"https:\/\/www.livrariarema.com.br\/loja\/wp-json\/wp\/v2\/product_cat?post=325036"},{"taxonomy":"product_tag","embeddable":true,"href":"https:\/\/www.livrariarema.com.br\/loja\/wp-json\/wp\/v2\/product_tag?post=325036"}],"curies":[{"name":"wp","href":"https:\/\/api.w.org\/{rel}","templated":true}]}}