{"id":325038,"date":"2025-01-17T10:20:46","date_gmt":"2025-01-17T13:20:46","guid":{"rendered":"https:\/\/www.livrariarema.com.br\/loja\/produtos\/sem categoria\/biblia-naa-365-capa-dura-rosa\/"},"modified":"2026-02-19T08:35:26","modified_gmt":"2026-02-19T11:35:26","slug":"biblia-naa-365-capa-dura-rosa","status":"publish","type":"product","link":"https:\/\/www.livrariarema.com.br\/loja\/produtos\/biblias\/nova-almeida-atualizada\/biblia-naa-365-capa-dura-rosa\/","title":{"rendered":"B\u00edblia Naa &#8211; 365 &#8211; Capa Dura &#8211; Rosa"},"content":{"rendered":"<p>A B\u00edblia 365 \u00e9 uma B\u00edblia Sagrada cuidadosamente diagramada com leituras di\u00e1rias. Para cada dia, h\u00e1 uma por\u00e7\u00e3o do Antigo Testamento, do Novo Testamento, de Salmos e de Prov\u00e9rbios. Essas passagens s\u00e3o agrupadas em p\u00e1ginas consecutivas, o que confere frescor e diversidade aos momentos de estudo e reflex\u00e3o.<\/p>\n<p>Ela vem com indica\u00e7\u00f5es que tornam o processo mais did\u00e1tico e permitem o in\u00edcio da leitura integral das Escrituras a qualquer dia e m\u00eas, sem se perder. Seus diferentes m\u00e9todos de avan\u00e7o d\u00e3o ao leitor a oportunidade de encontrar uma din\u00e2mica que esteja de acordo com suas necessidades.<\/p>\n<p>Seja para o estudo individual, para o pequeno grupo ou para a leitura com a comunidade, por meio da distribui\u00e7\u00e3o harmoniosa dos textos ao longo da B\u00edblia 365, o leitor tem a oportunidade de se conectar de modo singular com a riqueza da B\u00edblia Sagrada. N\u00e3o \u00e9 \u00e0 toa que tantas pessoas que conheceram esse m\u00e9todo de leitura v\u00eam recomendando insistentemente a B\u00edblia 365. Uma experi\u00eancia surpreendente!<\/p>\n","protected":false},"excerpt":{"rendered":"<p>A B\u00edblia 365 \u00e9 uma B\u00edblia Sagrada cuidadosamente diagramada com leituras di\u00e1rias. Para cada dia, h\u00e1 uma por\u00e7\u00e3o do Antigo&hellip;<\/p>\n","protected":false},"featured_media":344311,"comment_status":"open","ping_status":"closed","template":"","meta":[],"product_cat":[139,174],"product_tag":[],"_links":{"self":[{"href":"https:\/\/www.livrariarema.com.br\/loja\/wp-json\/wp\/v2\/product\/325038"}],"collection":[{"href":"https:\/\/www.livrariarema.com.br\/loja\/wp-json\/wp\/v2\/product"}],"about":[{"href":"https:\/\/www.livrariarema.com.br\/loja\/wp-json\/wp\/v2\/types\/product"}],"replies":[{"embeddable":true,"href":"https:\/\/www.livrariarema.com.br\/loja\/wp-json\/wp\/v2\/comments?post=325038"}],"wp:featuredmedia":[{"embeddable":true,"href":"https:\/\/www.livrariarema.com.br\/loja\/wp-json\/wp\/v2\/media\/344311"}],"wp:attachment":[{"href":"https:\/\/www.livrariarema.com.br\/loja\/wp-json\/wp\/v2\/media?parent=325038"}],"wp:term":[{"taxonomy":"product_cat","embeddable":true,"href":"https:\/\/www.livrariarema.com.br\/loja\/wp-json\/wp\/v2\/product_cat?post=325038"},{"taxonomy":"product_tag","embeddable":true,"href":"https:\/\/www.livrariarema.com.br\/loja\/wp-json\/wp\/v2\/product_tag?post=325038"}],"curies":[{"name":"wp","href":"https:\/\/api.w.org\/{rel}","templated":true}]}}