{"id":325066,"date":"2025-01-20T10:03:31","date_gmt":"2025-01-20T13:03:31","guid":{"rendered":"https:\/\/www.livrariarema.com.br\/loja\/produtos\/sem categoria\/biblia-de-estudo-desafios-de-todo-homem-azul-nvt\/"},"modified":"2026-04-13T16:21:17","modified_gmt":"2026-04-13T19:21:17","slug":"biblia-de-estudo-desafios-de-todo-homem-azul-nvt","status":"publish","type":"product","link":"https:\/\/www.livrariarema.com.br\/loja\/produtos\/biblias\/estudo\/biblia-de-estudo-desafios-de-todo-homem-azul-nvt\/","title":{"rendered":"B\u00edblia De Estudo Desafios De Todo Homem &#8211; Azul &#8211; Nvt"},"content":{"rendered":"<p>Todo crist\u00e3o enfrenta desafios di\u00e1rios. Decis\u00f5es, problemas, tenta\u00e7\u00f5es. Cada pensamento, palavra e atitude precisam da b\u00ean\u00e7\u00e3o de Deus. Nestes dias atribulados, em que carreira, fam\u00edlia, relacionamentos, futuro e f\u00e9 disputam espa\u00e7o na agenda de cada homem, \u00e9 f\u00e1cil se perder sem a orienta\u00e7\u00e3o correta.<\/p>\n<p>H\u00e1 ainda explica\u00e7\u00f5es sobre assuntos complexos, devocionais e estudos sobre \u00e1reas importantes da vida do homem. Com textos escritos especialmente para a edifica\u00e7\u00e3o masculina, esta B\u00edblia contribuir\u00e1 para que seu dia a dia seja mais gratificante e repleto de significado em todos os sentidos.<\/p>\n","protected":false},"excerpt":{"rendered":"<p>Todo crist\u00e3o enfrenta desafios di\u00e1rios. Decis\u00f5es, problemas, tenta\u00e7\u00f5es. Cada pensamento, palavra e atitude precisam da b\u00ean\u00e7\u00e3o de Deus. Nestes dias&hellip;<\/p>\n","protected":false},"featured_media":342086,"comment_status":"open","ping_status":"closed","template":"","meta":[],"product_cat":[139,140],"product_tag":[],"_links":{"self":[{"href":"https:\/\/www.livrariarema.com.br\/loja\/wp-json\/wp\/v2\/product\/325066"}],"collection":[{"href":"https:\/\/www.livrariarema.com.br\/loja\/wp-json\/wp\/v2\/product"}],"about":[{"href":"https:\/\/www.livrariarema.com.br\/loja\/wp-json\/wp\/v2\/types\/product"}],"replies":[{"embeddable":true,"href":"https:\/\/www.livrariarema.com.br\/loja\/wp-json\/wp\/v2\/comments?post=325066"}],"wp:featuredmedia":[{"embeddable":true,"href":"https:\/\/www.livrariarema.com.br\/loja\/wp-json\/wp\/v2\/media\/342086"}],"wp:attachment":[{"href":"https:\/\/www.livrariarema.com.br\/loja\/wp-json\/wp\/v2\/media?parent=325066"}],"wp:term":[{"taxonomy":"product_cat","embeddable":true,"href":"https:\/\/www.livrariarema.com.br\/loja\/wp-json\/wp\/v2\/product_cat?post=325066"},{"taxonomy":"product_tag","embeddable":true,"href":"https:\/\/www.livrariarema.com.br\/loja\/wp-json\/wp\/v2\/product_tag?post=325066"}],"curies":[{"name":"wp","href":"https:\/\/api.w.org\/{rel}","templated":true}]}}