{"id":325424,"date":"2025-01-27T10:19:57","date_gmt":"2025-01-27T13:19:57","guid":{"rendered":"https:\/\/www.livrariarema.com.br\/loja\/produtos\/sem categoria\/biblia-judaica-completa-marrom-2\/"},"modified":"2026-01-26T11:10:33","modified_gmt":"2026-01-26T14:10:33","slug":"biblia-judaica-completa-marrom-2","status":"publish","type":"product","link":"https:\/\/www.livrariarema.com.br\/loja\/produtos\/biblias\/judaica\/biblia-judaica-completa-marrom-2\/","title":{"rendered":"B\u00edblia Judaica Completa &#8211; Marrom"},"content":{"rendered":"<p>Por que esta B\u00edblia \u00e9 diferente das outras?<\/p>\n<p>Por ser a \u00fanica vers\u00e3o portuguesa de estilo e apresenta\u00e7\u00e3o completamente judaicos. Inclui a nova vers\u00e3o do Tanakh (Antigo Testamento), feita pelo dr. Stern, bem como seu aclamado Novo Testamento Judaico, a B`rit Hadashah. A B\u00edblia Judaica Completa: O Tanakh [AT] e a B`rit Hadashah [NT] oferece:<br \/>\n&#8211; Segue a ordem hebraica dos livros do Tanakh, a ordem com a qual Yeshua estava acostumado.<br \/>\n&#8211; N\u00e3o faz nenhuma separa\u00e7\u00e3o entre Antigo e Novo Testamentos.<br \/>\n&#8211; Corrige tradu\u00e7\u00f5es equivocadas do Novo Testamento, resultantes da ambienta\u00e7\u00e3o teol\u00f3gica antijudaica.<br \/>\n&#8211; Apresenta os nomes hebraicos originais de pessoas, lugares e conceitos por meio de translitera\u00e7\u00f5es f\u00e1ceis de ler.<br \/>\n&#8211; Concentra-se nas profecias messi\u00e2nicas.<br \/>\n&#8211; Apresenta o plano de leitura semanal, de leituras feitas na sinagoga (e tamb\u00e9m dos dias de festa) com a adi\u00e7\u00e3o de leituras relevantes da B`rit Hadashah (Novo Testamento).<br \/>\n&#8211; Conecta os crist\u00e3os com suas ra\u00edzes judaicas e com o povo judeu.<br \/>\n&#8211; Liga os judeus \u00e0 judaicidade do Messias Yeshua e da f\u00e9 messi\u00e2nica. Outras caracter\u00edsticas desta vers\u00e3o b\u00edblica:<br \/>\n&#8211; Uma introdu\u00e7\u00e3o completa.<br \/>\n&#8211; Um gloss\u00e1rio com explica\u00e7\u00f5es de pron\u00fancia.<br \/>\n&#8211; Um gloss\u00e1rio invertido.<br \/>\n&#8211; Mapas especiais para auxiliar o entendimento da B\u00edblia.<\/p>\n<p>A B\u00edblia Judaica Completa demonstra que a Palavra de Deus ? de G\u00eanesis a Apocalipse ? \u00e9 um livro judeu unificado, dispon\u00edvel a todos: judeus e n\u00e3o-judeus.<\/p>\n","protected":false},"excerpt":{"rendered":"<p>Por que esta B\u00edblia \u00e9 diferente das outras? Por ser a \u00fanica vers\u00e3o portuguesa de estilo e apresenta\u00e7\u00e3o completamente judaicos.&hellip;<\/p>\n","protected":false},"featured_media":342541,"comment_status":"open","ping_status":"closed","template":"","meta":[],"product_cat":[139,207],"product_tag":[],"_links":{"self":[{"href":"https:\/\/www.livrariarema.com.br\/loja\/wp-json\/wp\/v2\/product\/325424"}],"collection":[{"href":"https:\/\/www.livrariarema.com.br\/loja\/wp-json\/wp\/v2\/product"}],"about":[{"href":"https:\/\/www.livrariarema.com.br\/loja\/wp-json\/wp\/v2\/types\/product"}],"replies":[{"embeddable":true,"href":"https:\/\/www.livrariarema.com.br\/loja\/wp-json\/wp\/v2\/comments?post=325424"}],"wp:featuredmedia":[{"embeddable":true,"href":"https:\/\/www.livrariarema.com.br\/loja\/wp-json\/wp\/v2\/media\/342541"}],"wp:attachment":[{"href":"https:\/\/www.livrariarema.com.br\/loja\/wp-json\/wp\/v2\/media?parent=325424"}],"wp:term":[{"taxonomy":"product_cat","embeddable":true,"href":"https:\/\/www.livrariarema.com.br\/loja\/wp-json\/wp\/v2\/product_cat?post=325424"},{"taxonomy":"product_tag","embeddable":true,"href":"https:\/\/www.livrariarema.com.br\/loja\/wp-json\/wp\/v2\/product_tag?post=325424"}],"curies":[{"name":"wp","href":"https:\/\/api.w.org\/{rel}","templated":true}]}}