{"id":325459,"date":"2025-01-27T10:25:01","date_gmt":"2025-01-27T13:25:01","guid":{"rendered":"https:\/\/www.livrariarema.com.br\/loja\/produtos\/sem%20categoria\/licoes-de-lideranca-de-spurgeon-larry-j-michael\/"},"modified":"2026-03-24T12:13:10","modified_gmt":"2026-03-24T15:13:10","slug":"licoes-de-lideranca-de-spurgeon-larry-j-michael","status":"publish","type":"product","link":"https:\/\/www.livrariarema.com.br\/loja\/produtos\/livros\/lideranca\/licoes-de-lideranca-de-spurgeon-larry-j-michael\/","title":{"rendered":"Li\u00e7\u00f5es De Lideran\u00e7a De Spurgeon &#8211; Larry J. Michael"},"content":{"rendered":"<p>Li\u00e7\u00f5es de lideran\u00e7a de Spurgeon explora a trajet\u00f3ria de Charles Haddon Spurgeon, o &#8220;Pr\u00edncipe dos Pregadores&#8221;, destacando princ\u00edpios que moldaram seu minist\u00e9rio e o tornaram uma inspira\u00e7\u00e3o at\u00e9 hoje. <br \/>\nO livro combina insights espirituais e pr\u00e1ticos para l\u00edderes e crist\u00e3os que buscam influenciar com prop\u00f3sito, enfrentando desafios como lideran\u00e7a em tempos de crise, clareza na comunica\u00e7\u00e3o e uma vis\u00e3o ministerial inovadora e compassiva. <br \/>\n\u00c9 um guia relevante que encoraja e fortalece a lideran\u00e7a com base na excel\u00eancia e f\u00e9.<\/p>\n<p>&#8220;A lideran\u00e7a continuar\u00e1 sendo um assunto importante no s\u00e9culo 21. Larry Michael pegou um pastor heroico do s\u00e9culo 19 e o apresentou como um modelo contempor\u00e2neo para os l\u00edderes crist\u00e3os de hoje. No processo, ouvimos Spurgeon tratar muitas quest\u00f5es relacionadas \u00e0 lideran\u00e7a de uma maneira desafiadora que nos mobiliza a todos. Recomendo enfaticamente este livro a todos que estudam e levam a s\u00e9rio a lideran\u00e7a!&#8221;<br \/>\nJohn C  Maxwell &#8211; fundador do INJOY Group<\/p>\n<p>&#8220;Meu bisav\u00f4 se converteu a Cristo e recebeu seu treinamento pastoral durante o minist\u00e9rio de Charles Spurgeon. Ele me transmitiu muitas das percep\u00e7\u00f5es de Spurgeon por interm\u00e9dio de seus livros e artigos, coisas que guardo no cora\u00e7\u00e3o at\u00e9 hoje [&#8230;] O modelo de lideran\u00e7a de Spurgeon influenciou profundamente minha vida e meu minist\u00e9rio. Estou entusiasmado com esse novo livro maravilhoso e perspicaz de Larry Michael, que apresenta o modelo de lideran\u00e7a de Spurgeon a uma nova gera\u00e7\u00e3o.&#8221;<br \/>\nRick Warren &#8211; autor de Uma vida com prop\u00f3sitos<\/p>\n","protected":false},"excerpt":{"rendered":"<p>Li\u00e7\u00f5es de lideran\u00e7a de Spurgeon explora a trajet\u00f3ria de Charles Haddon Spurgeon, o &#8220;Pr\u00edncipe dos Pregadores&#8221;, destacando princ\u00edpios que moldaram&hellip;<\/p>\n","protected":false},"featured_media":346720,"comment_status":"open","ping_status":"closed","template":"","meta":[],"product_cat":[153,134],"product_tag":[],"_links":{"self":[{"href":"https:\/\/www.livrariarema.com.br\/loja\/wp-json\/wp\/v2\/product\/325459"}],"collection":[{"href":"https:\/\/www.livrariarema.com.br\/loja\/wp-json\/wp\/v2\/product"}],"about":[{"href":"https:\/\/www.livrariarema.com.br\/loja\/wp-json\/wp\/v2\/types\/product"}],"replies":[{"embeddable":true,"href":"https:\/\/www.livrariarema.com.br\/loja\/wp-json\/wp\/v2\/comments?post=325459"}],"wp:featuredmedia":[{"embeddable":true,"href":"https:\/\/www.livrariarema.com.br\/loja\/wp-json\/wp\/v2\/media\/346720"}],"wp:attachment":[{"href":"https:\/\/www.livrariarema.com.br\/loja\/wp-json\/wp\/v2\/media?parent=325459"}],"wp:term":[{"taxonomy":"product_cat","embeddable":true,"href":"https:\/\/www.livrariarema.com.br\/loja\/wp-json\/wp\/v2\/product_cat?post=325459"},{"taxonomy":"product_tag","embeddable":true,"href":"https:\/\/www.livrariarema.com.br\/loja\/wp-json\/wp\/v2\/product_tag?post=325459"}],"curies":[{"name":"wp","href":"https:\/\/api.w.org\/{rel}","templated":true}]}}