{"id":325508,"date":"2025-01-29T15:17:37","date_gmt":"2025-01-29T18:17:37","guid":{"rendered":"https:\/\/www.livrariarema.com.br\/loja\/produtos\/sem categoria\/a-sos-com-deus-nancy-demoss-wolgemuth\/"},"modified":"2026-03-23T12:23:40","modified_gmt":"2026-03-23T15:23:40","slug":"a-sos-com-deus-nancy-demoss-wolgemuth","status":"publish","type":"product","link":"https:\/\/www.livrariarema.com.br\/loja\/produtos\/livros\/devocional\/a-sos-com-deus-nancy-demoss-wolgemuth\/","title":{"rendered":"A S\u00f3s Com Deus &#8211; Nancy Demoss Wolgemuth"},"content":{"rendered":"<p>Neste livro devocional, a autora best-seller Nancy DeMoss adapta os temas centrais de seu ensino em um formato que seus leitores podem desfrutar diariamente: 366 por\u00e7\u00f5es de ricos estudos b\u00edblicos e suas aplica\u00e7\u00f5es pr\u00e1ticas.<\/p>\n","protected":false},"excerpt":{"rendered":"<p>Neste livro devocional, a autora best-seller Nancy DeMoss adapta os temas centrais de seu ensino em um formato que seus&hellip;<\/p>\n","protected":false},"featured_media":345840,"comment_status":"open","ping_status":"closed","template":"","meta":[],"product_cat":[158,134],"product_tag":[],"_links":{"self":[{"href":"https:\/\/www.livrariarema.com.br\/loja\/wp-json\/wp\/v2\/product\/325508"}],"collection":[{"href":"https:\/\/www.livrariarema.com.br\/loja\/wp-json\/wp\/v2\/product"}],"about":[{"href":"https:\/\/www.livrariarema.com.br\/loja\/wp-json\/wp\/v2\/types\/product"}],"replies":[{"embeddable":true,"href":"https:\/\/www.livrariarema.com.br\/loja\/wp-json\/wp\/v2\/comments?post=325508"}],"wp:featuredmedia":[{"embeddable":true,"href":"https:\/\/www.livrariarema.com.br\/loja\/wp-json\/wp\/v2\/media\/345840"}],"wp:attachment":[{"href":"https:\/\/www.livrariarema.com.br\/loja\/wp-json\/wp\/v2\/media?parent=325508"}],"wp:term":[{"taxonomy":"product_cat","embeddable":true,"href":"https:\/\/www.livrariarema.com.br\/loja\/wp-json\/wp\/v2\/product_cat?post=325508"},{"taxonomy":"product_tag","embeddable":true,"href":"https:\/\/www.livrariarema.com.br\/loja\/wp-json\/wp\/v2\/product_tag?post=325508"}],"curies":[{"name":"wp","href":"https:\/\/api.w.org\/{rel}","templated":true}]}}