{"id":325510,"date":"2025-01-29T15:17:57","date_gmt":"2025-01-29T18:17:57","guid":{"rendered":"https:\/\/www.livrariarema.com.br\/loja\/produtos\/sem categoria\/mulheres-atraentes-adornadas-por-cristo-nancy-demoss-wolgemuth\/"},"modified":"2026-04-16T18:43:01","modified_gmt":"2026-04-16T21:43:01","slug":"mulheres-atraentes-adornadas-por-cristo-nancy-demoss-wolgemuth","status":"publish","type":"product","link":"https:\/\/www.livrariarema.com.br\/loja\/produtos\/livros\/mulher\/mulheres-atraentes-adornadas-por-cristo-nancy-demoss-wolgemuth\/","title":{"rendered":"Mulheres Atraentes Adornadas Por Cristo &#8211; Nancy Demoss Wolgemuth"},"content":{"rendered":"<p>Mulher a mulher. Da mais velha a mais jovem. Dia a dia. Vida a vida. Este \u00e9 o belo plano de Deus.<\/p>\n<p>O modelo de Tito 2 de mulheres mais velhas vivendo o evangelho ao lado de mulheres mais jovens \u00e9 vital para todos n\u00f3s prosperarmos. \u00c9 mutuamente fortalecedor, glorifica a Deus e torna essa verdade cr\u00edvel para o nosso mundo.<\/p>\n<p>Imagine mulheres mais velhas investindo na vida de mulheres mais jovens, aben\u00e7oando fam\u00edlias e igrejas inteiras. Imagine jovens esposas, m\u00e3es e solteiras obtendo sabedoria e encorajamento de mulheres que passaram pelas mesmas experi\u00eancias e descobriram que os caminhos de Deus s\u00e3o verdadeiros e bons. Imagine todas as mulheres &#8211; das mais velhas \u00e0s meninas &#8211; vivendo juntas o evangelho transformador, fazendo com que todo o corpo de Cristo se torne mais belo.<\/p>\n<p>Essa \u00e9 a comunidade crist\u00e3 que Deus projetou. Leia esse livro e leve seus relacionamentos a novas profundezas, para que sua vida possa encontrar seu significado pleno ao adornar o evangelho de Cristo.<\/p>\n","protected":false},"excerpt":{"rendered":"<p>Mulher a mulher. Da mais velha a mais jovem. Dia a dia. Vida a vida. Este \u00e9 o belo plano&hellip;<\/p>\n","protected":false},"featured_media":345121,"comment_status":"open","ping_status":"closed","template":"","meta":[],"product_cat":[134,170],"product_tag":[],"_links":{"self":[{"href":"https:\/\/www.livrariarema.com.br\/loja\/wp-json\/wp\/v2\/product\/325510"}],"collection":[{"href":"https:\/\/www.livrariarema.com.br\/loja\/wp-json\/wp\/v2\/product"}],"about":[{"href":"https:\/\/www.livrariarema.com.br\/loja\/wp-json\/wp\/v2\/types\/product"}],"replies":[{"embeddable":true,"href":"https:\/\/www.livrariarema.com.br\/loja\/wp-json\/wp\/v2\/comments?post=325510"}],"wp:featuredmedia":[{"embeddable":true,"href":"https:\/\/www.livrariarema.com.br\/loja\/wp-json\/wp\/v2\/media\/345121"}],"wp:attachment":[{"href":"https:\/\/www.livrariarema.com.br\/loja\/wp-json\/wp\/v2\/media?parent=325510"}],"wp:term":[{"taxonomy":"product_cat","embeddable":true,"href":"https:\/\/www.livrariarema.com.br\/loja\/wp-json\/wp\/v2\/product_cat?post=325510"},{"taxonomy":"product_tag","embeddable":true,"href":"https:\/\/www.livrariarema.com.br\/loja\/wp-json\/wp\/v2\/product_tag?post=325510"}],"curies":[{"name":"wp","href":"https:\/\/api.w.org\/{rel}","templated":true}]}}