{"id":325614,"date":"2025-01-31T09:45:47","date_gmt":"2025-01-31T12:45:47","guid":{"rendered":"https:\/\/www.livrariarema.com.br\/loja\/produtos\/sem categoria\/biblia-a-maior-de-todas-as-historias-kevin-deyoung\/"},"modified":"2025-12-23T09:21:13","modified_gmt":"2025-12-23T12:21:13","slug":"biblia-a-maior-de-todas-as-historias-kevin-deyoung","status":"publish","type":"product","link":"https:\/\/www.livrariarema.com.br\/loja\/produtos\/livros\/infantil-biblia\/biblia-a-maior-de-todas-as-historias-kevin-deyoung\/","title":{"rendered":"Biblia &#8211; A Maior De Todas As Hist\u00f3rias &#8211; Kevin Deyoung"},"content":{"rendered":"<p>Leve as crian\u00e7as a uma jornada inesquec\u00edvel pela maior hist\u00f3ria de todas: a B\u00edblia. Com 104 cap\u00edtulos curtos e cativantes, o pastor Kevin DeYoung apresenta a narrativa da reden\u00e7\u00e3o de G\u00eanesis a Apocalipse, em um livro repleto de ilustra\u00e7\u00f5es deslumbrantes e ensinamentos profundos que conquistar\u00e3o pequenos cora\u00e7\u00f5es e fortalecer\u00e3o os la\u00e7os familiares.<br \/>\nA diferen\u00e7a entre o livro A Maior de todas as Hist\u00f3rias e a B\u00edblia A maior de todas as hist\u00f3rias, \u00e9 a quantidade de hist\u00f3ria ela \u00e9 mais completa.<\/p>\n","protected":false},"excerpt":{"rendered":"<p>Leve as crian\u00e7as a uma jornada inesquec\u00edvel pela maior hist\u00f3ria de todas: a B\u00edblia. Com 104 cap\u00edtulos curtos e cativantes,&hellip;<\/p>\n","protected":false},"featured_media":325823,"comment_status":"open","ping_status":"closed","template":"","meta":[],"product_cat":[165,134],"product_tag":[],"_links":{"self":[{"href":"https:\/\/www.livrariarema.com.br\/loja\/wp-json\/wp\/v2\/product\/325614"}],"collection":[{"href":"https:\/\/www.livrariarema.com.br\/loja\/wp-json\/wp\/v2\/product"}],"about":[{"href":"https:\/\/www.livrariarema.com.br\/loja\/wp-json\/wp\/v2\/types\/product"}],"replies":[{"embeddable":true,"href":"https:\/\/www.livrariarema.com.br\/loja\/wp-json\/wp\/v2\/comments?post=325614"}],"wp:featuredmedia":[{"embeddable":true,"href":"https:\/\/www.livrariarema.com.br\/loja\/wp-json\/wp\/v2\/media\/325823"}],"wp:attachment":[{"href":"https:\/\/www.livrariarema.com.br\/loja\/wp-json\/wp\/v2\/media?parent=325614"}],"wp:term":[{"taxonomy":"product_cat","embeddable":true,"href":"https:\/\/www.livrariarema.com.br\/loja\/wp-json\/wp\/v2\/product_cat?post=325614"},{"taxonomy":"product_tag","embeddable":true,"href":"https:\/\/www.livrariarema.com.br\/loja\/wp-json\/wp\/v2\/product_tag?post=325614"}],"curies":[{"name":"wp","href":"https:\/\/api.w.org\/{rel}","templated":true}]}}