{"id":325618,"date":"2025-01-31T09:46:03","date_gmt":"2025-01-31T12:46:03","guid":{"rendered":"https:\/\/www.livrariarema.com.br\/loja\/produtos\/sem categoria\/biblia-leia-e-anote-rc-ziper-preto\/"},"modified":"2025-02-06T14:17:06","modified_gmt":"2025-02-06T17:17:06","slug":"biblia-leia-e-anote-rc-ziper-preto","status":"publish","type":"product","link":"https:\/\/www.livrariarema.com.br\/loja\/produtos\/biblias\/revista-corrigida-biblias\/biblia-leia-e-anote-rc-ziper-preto\/","title":{"rendered":"B\u00edblia Leia E Anote &#8211; Rc &#8211; Z\u00edper &#8211; Preto"},"content":{"rendered":"<p>A B\u00edblia Leia e Anote ARC combina a beleza da tradu\u00e7\u00e3o Almeida Revista e Corrigida com uma qualidade superior: capa flex\u00edvel feita com material premium, laterais douradas e papel creme, perfeito para uma leitura confort\u00e1vel e prolongada. Com amplo espa\u00e7o para anota\u00e7\u00f5es e a prote\u00e7\u00e3o do z\u00edper, ela oferece praticidade e seguran\u00e7a para registrar suas reflex\u00f5es e insights espirituais.<\/p>\n","protected":false},"excerpt":{"rendered":"<p>A B\u00edblia Leia e Anote ARC combina a beleza da tradu\u00e7\u00e3o Almeida Revista e Corrigida com uma qualidade superior: capa&hellip;<\/p>\n","protected":false},"featured_media":326056,"comment_status":"open","ping_status":"closed","template":"","meta":[],"product_cat":[139,149],"product_tag":[],"_links":{"self":[{"href":"https:\/\/www.livrariarema.com.br\/loja\/wp-json\/wp\/v2\/product\/325618"}],"collection":[{"href":"https:\/\/www.livrariarema.com.br\/loja\/wp-json\/wp\/v2\/product"}],"about":[{"href":"https:\/\/www.livrariarema.com.br\/loja\/wp-json\/wp\/v2\/types\/product"}],"replies":[{"embeddable":true,"href":"https:\/\/www.livrariarema.com.br\/loja\/wp-json\/wp\/v2\/comments?post=325618"}],"wp:featuredmedia":[{"embeddable":true,"href":"https:\/\/www.livrariarema.com.br\/loja\/wp-json\/wp\/v2\/media\/326056"}],"wp:attachment":[{"href":"https:\/\/www.livrariarema.com.br\/loja\/wp-json\/wp\/v2\/media?parent=325618"}],"wp:term":[{"taxonomy":"product_cat","embeddable":true,"href":"https:\/\/www.livrariarema.com.br\/loja\/wp-json\/wp\/v2\/product_cat?post=325618"},{"taxonomy":"product_tag","embeddable":true,"href":"https:\/\/www.livrariarema.com.br\/loja\/wp-json\/wp\/v2\/product_tag?post=325618"}],"curies":[{"name":"wp","href":"https:\/\/api.w.org\/{rel}","templated":true}]}}