{"id":325626,"date":"2025-01-31T09:46:22","date_gmt":"2025-01-31T12:46:22","guid":{"rendered":"https:\/\/www.livrariarema.com.br\/loja\/produtos\/sem categoria\/biblia-rc-letra-normal-compacta-especial-rosas\/"},"modified":"2026-02-24T11:20:34","modified_gmt":"2026-02-24T14:20:34","slug":"biblia-rc-letra-normal-compacta-especial-rosas","status":"publish","type":"product","link":"https:\/\/www.livrariarema.com.br\/loja\/produtos\/biblias\/revista-corrigida-biblias\/biblia-rc-letra-normal-compacta-especial-rosas\/","title":{"rendered":"B\u00edblia &#8211; Rc &#8211; Letra Normal &#8211; Compacta &#8211; Especial Rosas"},"content":{"rendered":"<p>Com uma linguagem revisada em 1997, esta edi\u00e7\u00e3o oferece maior fluidez e compreens\u00e3o, preservando a fidelidade aos textos originais. Ideal para quem busca uma B\u00edblia pr\u00e1tica e port\u00e1til, ela mant\u00e9m o rigor milenar da vers\u00e3o Revista e Corrigida, a preferida de milh\u00f5es de crist\u00e3os no Brasil. Al\u00e9m disso, conta com letras maiores que tornam a leitura mais confort\u00e1vel, mesmo para quem n\u00e3o est\u00e1 habituado ao texto b\u00edblico. A B\u00edblia perfeita para levar a Palavra de Deus aonde voc\u00ea for!<\/p>\n","protected":false},"excerpt":{"rendered":"<p>Com uma linguagem revisada em 1997, esta edi\u00e7\u00e3o oferece maior fluidez e compreens\u00e3o, preservando a fidelidade aos textos originais. Ideal&hellip;<\/p>\n","protected":false},"featured_media":325936,"comment_status":"open","ping_status":"closed","template":"","meta":[],"product_cat":[139,149],"product_tag":[],"_links":{"self":[{"href":"https:\/\/www.livrariarema.com.br\/loja\/wp-json\/wp\/v2\/product\/325626"}],"collection":[{"href":"https:\/\/www.livrariarema.com.br\/loja\/wp-json\/wp\/v2\/product"}],"about":[{"href":"https:\/\/www.livrariarema.com.br\/loja\/wp-json\/wp\/v2\/types\/product"}],"replies":[{"embeddable":true,"href":"https:\/\/www.livrariarema.com.br\/loja\/wp-json\/wp\/v2\/comments?post=325626"}],"wp:featuredmedia":[{"embeddable":true,"href":"https:\/\/www.livrariarema.com.br\/loja\/wp-json\/wp\/v2\/media\/325936"}],"wp:attachment":[{"href":"https:\/\/www.livrariarema.com.br\/loja\/wp-json\/wp\/v2\/media?parent=325626"}],"wp:term":[{"taxonomy":"product_cat","embeddable":true,"href":"https:\/\/www.livrariarema.com.br\/loja\/wp-json\/wp\/v2\/product_cat?post=325626"},{"taxonomy":"product_tag","embeddable":true,"href":"https:\/\/www.livrariarema.com.br\/loja\/wp-json\/wp\/v2\/product_tag?post=325626"}],"curies":[{"name":"wp","href":"https:\/\/api.w.org\/{rel}","templated":true}]}}