{"id":325637,"date":"2025-01-31T09:47:09","date_gmt":"2025-01-31T12:47:09","guid":{"rendered":"https:\/\/www.livrariarema.com.br\/loja\/produtos\/sem categoria\/manual-de-profecia-messianica-michael-rydelnik-e-edwin-blum\/"},"modified":"2026-02-20T13:22:44","modified_gmt":"2026-02-20T16:22:44","slug":"manual-de-profecia-messianica-michael-rydelnik-e-edwin-blum","status":"publish","type":"product","link":"https:\/\/www.livrariarema.com.br\/loja\/produtos\/livros\/profecia\/manual-de-profecia-messianica-michael-rydelnik-e-edwin-blum\/","title":{"rendered":"Manual De Profecia Messi\u00e2nica &#8211; Michael Rydelnik E Edwin Blum"},"content":{"rendered":"<p>O recurso definitivo e completo sobre o que diz o Antigo Testamento a respeito do Messias<\/p>\n<p>Na estrada de Ema\u00fas, Jesus revelou como as Escrituras previam sua vinda, mas muitos ainda hoje t\u00eam d\u00favidas sobre como falar do Messias no Antigo Testamento e interpretar suas profecias. Como saber o que se aplica a Jesus? E como interpretar o enigm\u00e1tico linguajar prof\u00e9tico?<\/p>\n<p>Obtenha respostas e esclarecimentos neste conceituado e confi\u00e1vel manual acerca da profecia messi\u00e2nica, redigido por alguns dos mais importantes estudiosos evang\u00e9licos do Antigo Testamento. Esta obra abrangente e f\u00e1cil de usar oferece:<\/p>\n<p>Textos breves sobre as grandes ideias e os principais temas que dizem respeito \u00e0 profecia messi\u00e2nica;<br \/>\nUm coment\u00e1rio claro e cuidadoso de praticamente todas as passagens do Antigo Testamento consideradas messi\u00e2nicas;<br \/>\nObserva\u00e7\u00f5es esclarecedoras sobre o hebraico original e an\u00e1lises \u00fateis das implica\u00e7\u00f5es teol\u00f3gicas.<br \/>\nAs Escrituras ganham cores v\u00edvidas \u00e0 medida que voc\u00ea desenvolve uma nova percep\u00e7\u00e3o de passagens conhecidas e admira ainda mais a magistral obra-prima de Deus de prepara\u00e7\u00e3o do caminho para Jesus, o t\u00e3o esperado Messias.<\/p>\n","protected":false},"excerpt":{"rendered":"<p>O recurso definitivo e completo sobre o que diz o Antigo Testamento a respeito do Messias Na estrada de Ema\u00fas,&hellip;<\/p>\n","protected":false},"featured_media":345030,"comment_status":"open","ping_status":"closed","template":"","meta":[],"product_cat":[134,292],"product_tag":[],"_links":{"self":[{"href":"https:\/\/www.livrariarema.com.br\/loja\/wp-json\/wp\/v2\/product\/325637"}],"collection":[{"href":"https:\/\/www.livrariarema.com.br\/loja\/wp-json\/wp\/v2\/product"}],"about":[{"href":"https:\/\/www.livrariarema.com.br\/loja\/wp-json\/wp\/v2\/types\/product"}],"replies":[{"embeddable":true,"href":"https:\/\/www.livrariarema.com.br\/loja\/wp-json\/wp\/v2\/comments?post=325637"}],"wp:featuredmedia":[{"embeddable":true,"href":"https:\/\/www.livrariarema.com.br\/loja\/wp-json\/wp\/v2\/media\/345030"}],"wp:attachment":[{"href":"https:\/\/www.livrariarema.com.br\/loja\/wp-json\/wp\/v2\/media?parent=325637"}],"wp:term":[{"taxonomy":"product_cat","embeddable":true,"href":"https:\/\/www.livrariarema.com.br\/loja\/wp-json\/wp\/v2\/product_cat?post=325637"},{"taxonomy":"product_tag","embeddable":true,"href":"https:\/\/www.livrariarema.com.br\/loja\/wp-json\/wp\/v2\/product_tag?post=325637"}],"curies":[{"name":"wp","href":"https:\/\/api.w.org\/{rel}","templated":true}]}}