{"id":325690,"date":"2025-02-04T16:02:53","date_gmt":"2025-02-04T19:02:53","guid":{"rendered":"https:\/\/www.livrariarema.com.br\/loja\/produtos\/sem categoria\/estudos-do-novo-testamento-nijay-gupta-e-scot-mcknight\/"},"modified":"2025-06-11T09:36:56","modified_gmt":"2025-06-11T12:36:56","slug":"estudos-do-novo-testamento-nijay-gupta-e-scot-mcknight","status":"publish","type":"product","link":"https:\/\/www.livrariarema.com.br\/loja\/produtos\/livros\/estudo-biblico\/estudos-do-novo-testamento-nijay-gupta-e-scot-mcknight\/","title":{"rendered":"Estudos Do Novo Testamento &#8211; Nijay Gupta E Scot Mcknight"},"content":{"rendered":"<p>Este livro apresenta uma vis\u00e3o geral do cen\u00e1rio atual dos estudos do Novo Testamento, oferecendo aos leitores um guia conciso das discuss\u00f5es contempor\u00e2neas. Reunindo um grupo diversificado de especialistas, o livro abrange pesquisas sobre as quest\u00f5es mais importantes dos estudos do Novo Testamento, incluindo novas \u00e1reas disciplinares, tornando-o um manual complementar ideal para uma variedade de cursos sobre o Novo Testamento. Michael Bird, David Capes, Greg Carey, Lynn Cohick, Dennis Edwards, Michael Gorman e Abson Joseph est\u00e3o entre os colaboradores.<\/p>\n","protected":false},"excerpt":{"rendered":"<p>Este livro apresenta uma vis\u00e3o geral do cen\u00e1rio atual dos estudos do Novo Testamento, oferecendo aos leitores um guia conciso&hellip;<\/p>\n","protected":false},"featured_media":326424,"comment_status":"open","ping_status":"closed","template":"","meta":[],"product_cat":[161,134],"product_tag":[],"_links":{"self":[{"href":"https:\/\/www.livrariarema.com.br\/loja\/wp-json\/wp\/v2\/product\/325690"}],"collection":[{"href":"https:\/\/www.livrariarema.com.br\/loja\/wp-json\/wp\/v2\/product"}],"about":[{"href":"https:\/\/www.livrariarema.com.br\/loja\/wp-json\/wp\/v2\/types\/product"}],"replies":[{"embeddable":true,"href":"https:\/\/www.livrariarema.com.br\/loja\/wp-json\/wp\/v2\/comments?post=325690"}],"wp:featuredmedia":[{"embeddable":true,"href":"https:\/\/www.livrariarema.com.br\/loja\/wp-json\/wp\/v2\/media\/326424"}],"wp:attachment":[{"href":"https:\/\/www.livrariarema.com.br\/loja\/wp-json\/wp\/v2\/media?parent=325690"}],"wp:term":[{"taxonomy":"product_cat","embeddable":true,"href":"https:\/\/www.livrariarema.com.br\/loja\/wp-json\/wp\/v2\/product_cat?post=325690"},{"taxonomy":"product_tag","embeddable":true,"href":"https:\/\/www.livrariarema.com.br\/loja\/wp-json\/wp\/v2\/product_tag?post=325690"}],"curies":[{"name":"wp","href":"https:\/\/api.w.org\/{rel}","templated":true}]}}