{"id":325694,"date":"2025-02-04T16:03:13","date_gmt":"2025-02-04T19:03:13","guid":{"rendered":"https:\/\/www.livrariarema.com.br\/loja\/produtos\/sem categoria\/novo-manual-do-ministro-capa-marrom\/"},"modified":"2025-12-16T14:06:06","modified_gmt":"2025-12-16T17:06:06","slug":"novo-manual-do-ministro-capa-marrom","status":"publish","type":"product","link":"https:\/\/www.livrariarema.com.br\/loja\/produtos\/livros\/lideranca\/novo-manual-do-ministro-capa-marrom\/","title":{"rendered":"Novo Manual Do Ministro &#8211; Capa Marrom"},"content":{"rendered":"<p>O Novo Manual do Ministro \u00e9 uma obra ainda mais completa e extremamente \u00fatil para auxiliar na celebra\u00e7\u00e3o de diversos tipos de cerim\u00f4nias especiais.<br \/>\nEste livro cont\u00e9m tr\u00eas grandes partes.A primeira parte trata da organiza\u00e7\u00e3o da igreja. A segunda parte oferece modelos de serm\u00f5es e roteiros de cerim\u00f4nias:<br \/>\n&#8211; batismo;<br \/>\n&#8211; ceia do Senhor;<br \/>\n&#8211; lavagem dos p\u00e9s;<br \/>\n&#8211; b\u00ean\u00e7\u00e3o matrimonial;<br \/>\n&#8211; renova\u00e7\u00e3o de votos;<br \/>\n&#8211; apresenta\u00e7\u00e3o de crian\u00e7as;<br \/>\n&#8211; despedida f\u00fanebre;<br \/>\n&#8211; ordena\u00e7\u00e3o de pastores e de outros l\u00edderes ministeriais;<br \/>\n&#8211; formatura, reuni\u00e3o de congrega\u00e7\u00f5es de uma cidade;<br \/>\n&#8211; intercess\u00e3o conjunta pelo pa\u00eds ou pela cidade;<br \/>\n&#8211; dedica\u00e7\u00e3o de um governante;<br \/>\n&#8211; consagra\u00e7\u00e3o de uma cidade e\/ou na\u00e7\u00e3o;<br \/>\n-envio de mission\u00e1rios.<\/p>\n<p>A terceira parte versa sobre a vida do l\u00edder como servo do Senhor. Com este material, o ministro ganha uma ferramenta pr\u00e1tica para uso di\u00e1rio.<\/p>\n","protected":false},"excerpt":{"rendered":"<p>O Novo Manual do Ministro \u00e9 uma obra ainda mais completa e extremamente \u00fatil para auxiliar na celebra\u00e7\u00e3o de diversos&hellip;<\/p>\n","protected":false},"featured_media":342591,"comment_status":"open","ping_status":"closed","template":"","meta":[],"product_cat":[153,134],"product_tag":[],"_links":{"self":[{"href":"https:\/\/www.livrariarema.com.br\/loja\/wp-json\/wp\/v2\/product\/325694"}],"collection":[{"href":"https:\/\/www.livrariarema.com.br\/loja\/wp-json\/wp\/v2\/product"}],"about":[{"href":"https:\/\/www.livrariarema.com.br\/loja\/wp-json\/wp\/v2\/types\/product"}],"replies":[{"embeddable":true,"href":"https:\/\/www.livrariarema.com.br\/loja\/wp-json\/wp\/v2\/comments?post=325694"}],"wp:featuredmedia":[{"embeddable":true,"href":"https:\/\/www.livrariarema.com.br\/loja\/wp-json\/wp\/v2\/media\/342591"}],"wp:attachment":[{"href":"https:\/\/www.livrariarema.com.br\/loja\/wp-json\/wp\/v2\/media?parent=325694"}],"wp:term":[{"taxonomy":"product_cat","embeddable":true,"href":"https:\/\/www.livrariarema.com.br\/loja\/wp-json\/wp\/v2\/product_cat?post=325694"},{"taxonomy":"product_tag","embeddable":true,"href":"https:\/\/www.livrariarema.com.br\/loja\/wp-json\/wp\/v2\/product_tag?post=325694"}],"curies":[{"name":"wp","href":"https:\/\/api.w.org\/{rel}","templated":true}]}}