{"id":326533,"date":"2025-03-05T16:12:39","date_gmt":"2025-03-05T19:12:39","guid":{"rendered":"https:\/\/www.livrariarema.com.br\/loja\/produtos\/sem categoria\/na83jrslim-biblia-sagrada-jornada-com-planner-outono\/"},"modified":"2025-10-27T11:00:46","modified_gmt":"2025-10-27T14:00:46","slug":"na83jrslim-biblia-sagrada-jornada-com-planner-outono","status":"publish","type":"product","link":"https:\/\/www.livrariarema.com.br\/loja\/produtos\/biblias\/nova-almeida-atualizada\/na83jrslim-biblia-sagrada-jornada-com-planner-outono\/","title":{"rendered":"Na83jrslim &#8211; B\u00edblia Sagrada Jornada &#8211; Com Planner &#8211; Outono"},"content":{"rendered":"<p>Voc\u00ea j\u00e1 pensou como seria come\u00e7ar cada semana com uma nova perspectiva espiritual, guiada por passagens cuidadosamente selecionadas que abordam temas relevantes para a sua vida cotidiana? Agora voc\u00ea poder\u00e1 viver essa realidade. \u00danica e inovadora, a B\u00edblia Jornada com Planner foi projetada para enriquecer sua jornada espiritual ao longo do ano. Al\u00e9m do texto sagrado, ela traz um planner semanal, oferecendo reflex\u00f5es b\u00edblicas tem\u00e1ticas para cada uma das 52 semanas do ano. Cada reflex\u00e3o \u00e9 acompanhada por um espa\u00e7o dedicado para anota\u00e7\u00f5es pessoais, metas e ora\u00e7\u00f5es, permitindo que voc\u00ea registre seu progresso espiritual e mantenha um di\u00e1rio de sua caminhada com Deus.<\/p>\n","protected":false},"excerpt":{"rendered":"<p>Voc\u00ea j\u00e1 pensou como seria come\u00e7ar cada semana com uma nova perspectiva espiritual, guiada por passagens cuidadosamente selecionadas que abordam&hellip;<\/p>\n","protected":false},"featured_media":337121,"comment_status":"open","ping_status":"closed","template":"","meta":[],"product_cat":[139,174],"product_tag":[],"_links":{"self":[{"href":"https:\/\/www.livrariarema.com.br\/loja\/wp-json\/wp\/v2\/product\/326533"}],"collection":[{"href":"https:\/\/www.livrariarema.com.br\/loja\/wp-json\/wp\/v2\/product"}],"about":[{"href":"https:\/\/www.livrariarema.com.br\/loja\/wp-json\/wp\/v2\/types\/product"}],"replies":[{"embeddable":true,"href":"https:\/\/www.livrariarema.com.br\/loja\/wp-json\/wp\/v2\/comments?post=326533"}],"wp:featuredmedia":[{"embeddable":true,"href":"https:\/\/www.livrariarema.com.br\/loja\/wp-json\/wp\/v2\/media\/337121"}],"wp:attachment":[{"href":"https:\/\/www.livrariarema.com.br\/loja\/wp-json\/wp\/v2\/media?parent=326533"}],"wp:term":[{"taxonomy":"product_cat","embeddable":true,"href":"https:\/\/www.livrariarema.com.br\/loja\/wp-json\/wp\/v2\/product_cat?post=326533"},{"taxonomy":"product_tag","embeddable":true,"href":"https:\/\/www.livrariarema.com.br\/loja\/wp-json\/wp\/v2\/product_tag?post=326533"}],"curies":[{"name":"wp","href":"https:\/\/api.w.org\/{rel}","templated":true}]}}