{"id":327262,"date":"2025-03-06T16:53:43","date_gmt":"2025-03-06T19:53:43","guid":{"rendered":"https:\/\/www.livrariarema.com.br\/loja\/produtos\/sem categoria\/na011-biblia-de-bolso-semiflexivel-leao-dourado\/"},"modified":"2026-04-29T13:56:18","modified_gmt":"2026-04-29T16:56:18","slug":"na011-biblia-de-bolso-semiflexivel-leao-dourado","status":"publish","type":"product","link":"https:\/\/www.livrariarema.com.br\/loja\/produtos\/biblias\/nova-almeida-atualizada\/na011-biblia-de-bolso-semiflexivel-leao-dourado\/","title":{"rendered":"Na011 &#8211; B\u00edblia De Bolso &#8211; Semiflex\u00edvel &#8211; Le\u00e3o Dourado"},"content":{"rendered":"<p>Essa edi\u00e7\u00e3o da B\u00edblia Sagrada \u00e9 ideal para quem deseja ler a Palavra de Deus diariamente e procura um texto cl\u00e1ssico mas com linguagem atual.<\/p>\n","protected":false},"excerpt":{"rendered":"<p>Essa edi\u00e7\u00e3o da B\u00edblia Sagrada \u00e9 ideal para quem deseja ler a Palavra de Deus diariamente e procura um texto&hellip;<\/p>\n","protected":false},"featured_media":347607,"comment_status":"open","ping_status":"closed","template":"","meta":[],"product_cat":[139,174],"product_tag":[],"_links":{"self":[{"href":"https:\/\/www.livrariarema.com.br\/loja\/wp-json\/wp\/v2\/product\/327262"}],"collection":[{"href":"https:\/\/www.livrariarema.com.br\/loja\/wp-json\/wp\/v2\/product"}],"about":[{"href":"https:\/\/www.livrariarema.com.br\/loja\/wp-json\/wp\/v2\/types\/product"}],"replies":[{"embeddable":true,"href":"https:\/\/www.livrariarema.com.br\/loja\/wp-json\/wp\/v2\/comments?post=327262"}],"wp:featuredmedia":[{"embeddable":true,"href":"https:\/\/www.livrariarema.com.br\/loja\/wp-json\/wp\/v2\/media\/347607"}],"wp:attachment":[{"href":"https:\/\/www.livrariarema.com.br\/loja\/wp-json\/wp\/v2\/media?parent=327262"}],"wp:term":[{"taxonomy":"product_cat","embeddable":true,"href":"https:\/\/www.livrariarema.com.br\/loja\/wp-json\/wp\/v2\/product_cat?post=327262"},{"taxonomy":"product_tag","embeddable":true,"href":"https:\/\/www.livrariarema.com.br\/loja\/wp-json\/wp\/v2\/product_tag?post=327262"}],"curies":[{"name":"wp","href":"https:\/\/api.w.org\/{rel}","templated":true}]}}