{"id":327407,"date":"2025-03-07T14:38:00","date_gmt":"2025-03-07T17:38:00","guid":{"rendered":"https:\/\/www.livrariarema.com.br\/loja\/produtos\/sem categoria\/arc65h-biblia-slim-com-harpa-purpura\/"},"modified":"2025-08-18T14:34:35","modified_gmt":"2025-08-18T17:34:35","slug":"arc65h-biblia-slim-com-harpa-purpura","status":"publish","type":"product","link":"https:\/\/www.livrariarema.com.br\/loja\/produtos\/biblias\/revista-corrigida-com-harpa\/arc65h-biblia-slim-com-harpa-purpura\/","title":{"rendered":"Arc65h &#8211; B\u00edblia Slim Com Harpa &#8211; Purpura"},"content":{"rendered":"<p>B\u00edblia Sagrada Ultrafina com Harpa Crist\u00e3.<\/p>\n","protected":false},"excerpt":{"rendered":"<p>B\u00edblia Sagrada Ultrafina com Harpa Crist\u00e3.<\/p>\n","protected":false},"featured_media":335436,"comment_status":"open","ping_status":"closed","template":"","meta":[],"product_cat":[139,151],"product_tag":[],"_links":{"self":[{"href":"https:\/\/www.livrariarema.com.br\/loja\/wp-json\/wp\/v2\/product\/327407"}],"collection":[{"href":"https:\/\/www.livrariarema.com.br\/loja\/wp-json\/wp\/v2\/product"}],"about":[{"href":"https:\/\/www.livrariarema.com.br\/loja\/wp-json\/wp\/v2\/types\/product"}],"replies":[{"embeddable":true,"href":"https:\/\/www.livrariarema.com.br\/loja\/wp-json\/wp\/v2\/comments?post=327407"}],"wp:featuredmedia":[{"embeddable":true,"href":"https:\/\/www.livrariarema.com.br\/loja\/wp-json\/wp\/v2\/media\/335436"}],"wp:attachment":[{"href":"https:\/\/www.livrariarema.com.br\/loja\/wp-json\/wp\/v2\/media?parent=327407"}],"wp:term":[{"taxonomy":"product_cat","embeddable":true,"href":"https:\/\/www.livrariarema.com.br\/loja\/wp-json\/wp\/v2\/product_cat?post=327407"},{"taxonomy":"product_tag","embeddable":true,"href":"https:\/\/www.livrariarema.com.br\/loja\/wp-json\/wp\/v2\/product_tag?post=327407"}],"curies":[{"name":"wp","href":"https:\/\/api.w.org\/{rel}","templated":true}]}}