{"id":327412,"date":"2025-03-07T14:38:24","date_gmt":"2025-03-07T17:38:24","guid":{"rendered":"https:\/\/www.livrariarema.com.br\/loja\/produtos\/sem categoria\/ntlh40pmm-biblia-mig-e-meg-ilustrada\/"},"modified":"2026-03-04T15:30:37","modified_gmt":"2026-03-04T18:30:37","slug":"ntlh40pmm-biblia-mig-e-meg-ilustrada","status":"publish","type":"product","link":"https:\/\/www.livrariarema.com.br\/loja\/produtos\/biblias\/infantil-biblias\/ntlh40pmm-biblia-mig-e-meg-ilustrada\/","title":{"rendered":"Ntlh40pmm &#8211; B\u00edblia Mig E Meg &#8211; Ilustrada"},"content":{"rendered":"<p>As crian\u00e7as ter\u00e3o um motivo a mais para ler e estudar as Escrituras Sagradas. A Sociedade B\u00edblica do Brasil traz de volta a B\u00edblia Sagrada com a simp\u00e1tica turminha do Mig e da Meg, apresentada em 16 l\u00e2minas coloridas e ilustradas com passagens b\u00edblicas destacadas.<\/p>\n","protected":false},"excerpt":{"rendered":"<p>As crian\u00e7as ter\u00e3o um motivo a mais para ler e estudar as Escrituras Sagradas. A Sociedade B\u00edblica do Brasil traz&hellip;<\/p>\n","protected":false},"featured_media":0,"comment_status":"open","ping_status":"closed","template":"","meta":[],"product_cat":[139,202],"product_tag":[],"_links":{"self":[{"href":"https:\/\/www.livrariarema.com.br\/loja\/wp-json\/wp\/v2\/product\/327412"}],"collection":[{"href":"https:\/\/www.livrariarema.com.br\/loja\/wp-json\/wp\/v2\/product"}],"about":[{"href":"https:\/\/www.livrariarema.com.br\/loja\/wp-json\/wp\/v2\/types\/product"}],"replies":[{"embeddable":true,"href":"https:\/\/www.livrariarema.com.br\/loja\/wp-json\/wp\/v2\/comments?post=327412"}],"wp:attachment":[{"href":"https:\/\/www.livrariarema.com.br\/loja\/wp-json\/wp\/v2\/media?parent=327412"}],"wp:term":[{"taxonomy":"product_cat","embeddable":true,"href":"https:\/\/www.livrariarema.com.br\/loja\/wp-json\/wp\/v2\/product_cat?post=327412"},{"taxonomy":"product_tag","embeddable":true,"href":"https:\/\/www.livrariarema.com.br\/loja\/wp-json\/wp\/v2\/product_tag?post=327412"}],"curies":[{"name":"wp","href":"https:\/\/api.w.org\/{rel}","templated":true}]}}